{"id":35353,"date":"2024-11-13T16:49:13","date_gmt":"2024-11-13T16:49:13","guid":{"rendered":"https:\/\/sunvault.ro\/geschaeftsbedingungen\/"},"modified":"2026-02-10T14:06:25","modified_gmt":"2026-02-10T14:06:25","slug":"geschaeftsbedingungen","status":"publish","type":"page","link":"https:\/\/sunvault.ro\/de\/geschaeftsbedingungen\/","title":{"rendered":"Gesch\u00e4ftsbedingungen"},"content":{"rendered":"\n<h3 class=\"wp-block-heading\">Willkommen auf der SunVault-Website! Mit der Nutzung dieser Website erkl\u00e4ren Sie sich mit den nachfolgenden Nutzungsbedingungen einverstanden. Wir empfehlen Ihnen, diese sorgf\u00e4ltig zu lesen.  <\/h3>\n\n<h4 class=\"wp-block-heading\"><strong>1. Allgemeines<\/strong><\/h4>\n\n<p>Diese Website wird von [Firmenname] betrieben und ist deren Eigentum. Durch die Nutzung der Website erkl\u00e4ren Sie sich mit allen in diesem Dokument aufgef\u00fchrten Nutzungsbedingungen einverstanden. <\/p>\n\n<h4 class=\"wp-block-heading\"><strong>2. Informationen \u00fcber Produkte und Dienstleistungen<\/strong><\/h4>\n\n<p>Die auf dieser Website pr\u00e4sentierten Produkte und Dienstleistungen werden im Rahmen des verf\u00fcgbaren Lagerbestands angeboten. Abbildungen dienen lediglich der Veranschaulichung; \u00c4nderungen der Spezifikationen vorbehalten. <\/p>\n\n<h4 class=\"wp-block-heading\"><strong>3. R\u00fcckgabebestimmungen<\/strong><\/h4>\n\n<p>Gem\u00e4\u00df den geltenden gesetzlichen Bestimmungen haben Kunden das Recht, Produkte innerhalb von 14 Kalendertagen nach Erhalt ohne Angabe von Gr\u00fcnden zur\u00fcckzusenden. Die Produkte m\u00fcssen im Originalzustand und in der Originalverpackung zur\u00fcckgesendet werden. <\/p>\n\n<h4 class=\"wp-block-heading\"><strong>4. Datenschutzrichtlinie<\/strong><\/h4>\n\n<p>Die \u00fcber die Website erhobenen personenbezogenen Daten werden ausschlie\u00dflich zur Bestellabwicklung und Lieferung verwendet. Ausf\u00fchrliche Informationen finden Sie in der Datenschutzerkl\u00e4rung. <\/p>\n\n<h4 class=\"wp-block-heading\"><strong>5. Gew\u00e4hrleistungen und Verantwortlichkeiten<\/strong><\/h4>\n\n<p>SunVault gew\u00e4hrt f\u00fcr die verkauften Produkte Garantien gem\u00e4\u00df geltendem Recht. Detaillierte Garantieinformationen finden Sie auf der jeweiligen Produktseite. <\/p>\n\n<h4 class=\"wp-block-heading\"><strong>6. Rechtsstreitigkeiten<\/strong><\/h4>\n\n<p>Etwaige Konflikte zwischen SunVault und Kunden werden g\u00fctlich beigelegt. Sollte dies nicht m\u00f6glich sein, werden Streitigkeiten vor den zust\u00e4ndigen Gerichten in Rum\u00e4nien entschieden. <\/p>\n\n<hr class=\"wp-block-separator has-alpha-channel-opacity\"\/>\n\n<h3 class=\"wp-block-heading\"><\/h3>\n","protected":false},"excerpt":{"rendered":"<p>Willkommen auf der SunVault-Website! Mit der Nutzung dieser Website erkl\u00e4ren Sie sich mit den nachfolgenden Nutzungsbedingungen einverstanden. Wir empfehlen Ihnen, diese sorgf\u00e4ltig zu lesen. 1. Allgemeines Diese Website wird von [&hellip;]<\/p>\n","protected":false},"author":1,"featured_media":0,"parent":0,"menu_order":0,"comment_status":"closed","ping_status":"closed","template":"","meta":{"footnotes":""},"class_list":["post-35353","page","type-page","status-publish","hentry"],"_links":{"self":[{"href":"https:\/\/sunvault.ro\/de\/wp-json\/wp\/v2\/pages\/35353","targetHints":{"allow":["GET"]}}],"collection":[{"href":"https:\/\/sunvault.ro\/de\/wp-json\/wp\/v2\/pages"}],"about":[{"href":"https:\/\/sunvault.ro\/de\/wp-json\/wp\/v2\/types\/page"}],"author":[{"embeddable":true,"href":"https:\/\/sunvault.ro\/de\/wp-json\/wp\/v2\/users\/1"}],"replies":[{"embeddable":true,"href":"https:\/\/sunvault.ro\/de\/wp-json\/wp\/v2\/comments?post=35353"}],"version-history":[{"count":1,"href":"https:\/\/sunvault.ro\/de\/wp-json\/wp\/v2\/pages\/35353\/revisions"}],"predecessor-version":[{"id":35357,"href":"https:\/\/sunvault.ro\/de\/wp-json\/wp\/v2\/pages\/35353\/revisions\/35357"}],"wp:attachment":[{"href":"https:\/\/sunvault.ro\/de\/wp-json\/wp\/v2\/media?parent=35353"}],"curies":[{"name":"wp","href":"https:\/\/api.w.org\/{rel}","templated":true}]}}