{"id":35533,"date":"2025-12-12T13:01:27","date_gmt":"2025-12-12T13:01:27","guid":{"rendered":"https:\/\/sunvault.ro\/shop\/unkategorisiert\/eve-inr21700-4000mah-37v-li-ionen-zelle-hohe-leistung-40p\/"},"modified":"2025-12-12T13:01:27","modified_gmt":"2025-12-12T13:01:27","slug":"eve-inr21700-4000mah-37v-li-ionen-zelle-hohe-leistung-40p","status":"publish","type":"product","link":"https:\/\/sunvault.ro\/de\/shop\/lithiumzellen\/eve-inr21700-4000mah-37v-li-ionen-zelle-hohe-leistung-40p\/","title":{"rendered":"EVE INR21700 4000mAh 3,7V Li-Ionen-Zelle \u2013 Hohe Leistung (40P)"},"content":{"rendered":"<ul data-start=\"192\" data-end=\"424\">\n<li data-start=\"192\" data-end=\"219\">\n<p data-start=\"194\" data-end=\"219\"><strong data-start=\"194\" data-end=\"204\">Exemplarisch:<\/strong> <code data-start=\"205\" data-end=\"219\">INR21700\/40P<\/code><\/p>\n<\/li>\n<li data-start=\"220\" data-end=\"245\">\n<p data-start=\"222\" data-end=\"245\">Hersteller: EVE<\/p>\n<\/li>\n<li data-start=\"246\" data-end=\"269\">\n<p data-start=\"248\" data-end=\"269\">Format: 21700<\/p>\n<\/li>\n<li data-start=\"270\" data-end=\"307\">\n<p data-start=\"272\" data-end=\"307\">Kapazit\u00e4t: 4,0 Ah (4000 mAh)<\/p>\n<\/li>\n<li data-start=\"308\" data-end=\"344\">\n<p data-start=\"310\" data-end=\"344\">Chemie: Li-Ionen (INR\/NMC)<\/p>\n<\/li>\n<li data-start=\"345\" data-end=\"382\">\n<p data-start=\"347\" data-end=\"382\">Nennspannung: 3,6\u20133,7 V<\/p>\n<\/li>\n<li data-start=\"383\" data-end=\"424\">\n<p data-start=\"385\" data-end=\"424\">Maximale Ladespannung: 4,2 V<\/p>\n<\/li>\n<\/ul>\n<p data-start=\"426\" data-end=\"497\">Es handelt sich um eine 21700-Hochleistungszelle, die in ihrer Leistung die 18650-Zelle bei weitem \u00fcbertrifft.<\/p>\n","protected":false},"excerpt":{"rendered":"<p data-start=\"1092\" data-end=\"1374\">Die EVE INR21700 4000mAh (40P) Zelle ist ein leistungsstarker Lithium-Ionen-Akku, der f\u00fcr Anwendungen mit hohen Stromanforderungen und exzellenter Stabilit\u00e4t entwickelt wurde. Das 21700-Format bietet im Vergleich zum 18650-Format eine \u00fcberlegene Leistung und ist daher ideal f\u00fcr Elektrowerkzeuge und professionelle Akkupacks. <\/p>\n<p data-start=\"1376\" data-end=\"1524\">&#x2714;&#xfe0f; 4000 mAh Kapazit\u00e4t &#x2714;&#xfe0f; Hoher Entladestrom (bis zu ~40 A) &#x2714;&#xfe0f; 21700-Format \u2013 hohe Leistung &#x2714;&#xfe0f; EVE-Qualit\u00e4t \u2013 Top-Hersteller<\/p>\n<p data-start=\"1526\" data-end=\"1595\">&#x26a0;&#xfe0f; Ben\u00f6tigt ein Batteriemanagementsystem (BMS) f\u00fcr Lithium-Ionen-Akkus (4,2 V). Nicht kompatibel mit LiFePO\u2084-Akkus. <\/p>\n","protected":false},"featured_media":35183,"comment_status":"open","ping_status":"closed","template":"","meta":[],"product_brand":[],"product_cat":[767],"product_tag":[770,769,768],"class_list":{"0":"post-35533","1":"product","2":"type-product","3":"status-publish","4":"has-post-thumbnail","6":"product_cat-lithiumzellen","7":"product_tag-lithium-ionen","8":"product_tag-vorabend","9":"product_tag-zelle","12":"first","13":"instock","14":"taxable","15":"shipping-taxable","16":"purchasable","17":"product-type-simple"},"_links":{"self":[{"href":"https:\/\/sunvault.ro\/de\/wp-json\/wp\/v2\/product\/35533","targetHints":{"allow":["GET"]}}],"collection":[{"href":"https:\/\/sunvault.ro\/de\/wp-json\/wp\/v2\/product"}],"about":[{"href":"https:\/\/sunvault.ro\/de\/wp-json\/wp\/v2\/types\/product"}],"replies":[{"embeddable":true,"href":"https:\/\/sunvault.ro\/de\/wp-json\/wp\/v2\/comments?post=35533"}],"version-history":[{"count":0,"href":"https:\/\/sunvault.ro\/de\/wp-json\/wp\/v2\/product\/35533\/revisions"}],"wp:featuredmedia":[{"embeddable":true,"href":"https:\/\/sunvault.ro\/de\/wp-json\/wp\/v2\/media\/35183"}],"wp:attachment":[{"href":"https:\/\/sunvault.ro\/de\/wp-json\/wp\/v2\/media?parent=35533"}],"wp:term":[{"taxonomy":"product_brand","embeddable":true,"href":"https:\/\/sunvault.ro\/de\/wp-json\/wp\/v2\/product_brand?post=35533"},{"taxonomy":"product_cat","embeddable":true,"href":"https:\/\/sunvault.ro\/de\/wp-json\/wp\/v2\/product_cat?post=35533"},{"taxonomy":"product_tag","embeddable":true,"href":"https:\/\/sunvault.ro\/de\/wp-json\/wp\/v2\/product_tag?post=35533"}],"curies":[{"name":"wp","href":"https:\/\/api.w.org\/{rel}","templated":true}]}}