{"id":35543,"date":"2025-12-12T12:40:16","date_gmt":"2025-12-12T12:40:16","guid":{"rendered":"https:\/\/sunvault.ro\/shop\/unkategorisiert\/eve-inr18650-3200mah-37v-li-ionen-zelle\/"},"modified":"2025-12-12T12:40:16","modified_gmt":"2025-12-12T12:40:16","slug":"eve-inr18650-3200mah-37v-li-ionen-zelle","status":"publish","type":"product","link":"https:\/\/sunvault.ro\/de\/shop\/lithiumzellen\/eve-inr18650-3200mah-37v-li-ionen-zelle\/","title":{"rendered":"EVE INR18650 3200mAh 3,7V Li-Ionen-Zelle"},"content":{"rendered":"<ul>\n<li data-start=\"570\" data-end=\"600\">\n<p data-start=\"572\" data-end=\"600\">Energie: ~11,5\u201311,8 Wh<\/p>\n<\/li>\n<li data-start=\"601\" data-end=\"648\">\n<p data-start=\"603\" data-end=\"648\">Dauerentladestrom: ~10 A<\/p>\n<\/li>\n<li data-start=\"649\" data-end=\"670\">\n<p data-start=\"651\" data-end=\"670\"><strong data-start=\"651\" data-end=\"670\">Es handelt sich nicht um LiFePO\u2084.<\/strong><\/p>\n<\/li>\n<li data-start=\"671\" data-end=\"703\">\n<p data-start=\"673\" data-end=\"703\">Erfordert Li-Ionen-BMS (4,2 V)<\/p>\n<\/li>\n<\/ul>\n","protected":false},"excerpt":{"rendered":"<p data-start=\"1080\" data-end=\"1296\">Die EVE INR18650 3200mAh-Zelle bietet ein sehr gutes Verh\u00e4ltnis von Kapazit\u00e4t, Stabilit\u00e4t und Lebensdauer. Sie eignet sich ideal f\u00fcr den Zusammenbau von Lithium-Ionen-Akkus und f\u00fcr Anwendungen mit niedriger und mittlerer Leistung. <\/p>\n<p data-start=\"1298\" data-end=\"1450\">&#x2714;&#xfe0f; Kapazit\u00e4t 3200 mAh &#x2714;&#xfe0f; Nennspannung 3,6\u20133,7 V &#x2714;&#xfe0f; EVE-Qualit\u00e4t \u2013 anerkannter Hersteller &#x2714;&#xfe0f; Geeignet f\u00fcr Powerbanks und Lithium-Ionen-Akkus<\/p>\n<p data-start=\"1452\" data-end=\"1521\">&#x26a0;&#xfe0f; Ben\u00f6tigt ein BMS f\u00fcr Li-Ionen-Akkus (4,2 V). Nicht kompatibel mit LiFePO\u2084. <\/p>\n","protected":false},"featured_media":35181,"comment_status":"open","ping_status":"closed","template":"","meta":[],"product_brand":[],"product_cat":[767],"product_tag":[770,769,768],"class_list":{"0":"post-35543","1":"product","2":"type-product","3":"status-publish","4":"has-post-thumbnail","6":"product_cat-lithiumzellen","7":"product_tag-lithium-ionen","8":"product_tag-vorabend","9":"product_tag-zelle","12":"first","13":"instock","14":"taxable","15":"shipping-taxable","16":"purchasable","17":"product-type-simple"},"_links":{"self":[{"href":"https:\/\/sunvault.ro\/de\/wp-json\/wp\/v2\/product\/35543","targetHints":{"allow":["GET"]}}],"collection":[{"href":"https:\/\/sunvault.ro\/de\/wp-json\/wp\/v2\/product"}],"about":[{"href":"https:\/\/sunvault.ro\/de\/wp-json\/wp\/v2\/types\/product"}],"replies":[{"embeddable":true,"href":"https:\/\/sunvault.ro\/de\/wp-json\/wp\/v2\/comments?post=35543"}],"version-history":[{"count":0,"href":"https:\/\/sunvault.ro\/de\/wp-json\/wp\/v2\/product\/35543\/revisions"}],"wp:featuredmedia":[{"embeddable":true,"href":"https:\/\/sunvault.ro\/de\/wp-json\/wp\/v2\/media\/35181"}],"wp:attachment":[{"href":"https:\/\/sunvault.ro\/de\/wp-json\/wp\/v2\/media?parent=35543"}],"wp:term":[{"taxonomy":"product_brand","embeddable":true,"href":"https:\/\/sunvault.ro\/de\/wp-json\/wp\/v2\/product_brand?post=35543"},{"taxonomy":"product_cat","embeddable":true,"href":"https:\/\/sunvault.ro\/de\/wp-json\/wp\/v2\/product_cat?post=35543"},{"taxonomy":"product_tag","embeddable":true,"href":"https:\/\/sunvault.ro\/de\/wp-json\/wp\/v2\/product_tag?post=35543"}],"curies":[{"name":"wp","href":"https:\/\/api.w.org\/{rel}","templated":true}]}}