{"id":35554,"date":"2025-12-12T12:33:15","date_gmt":"2025-12-12T12:33:15","guid":{"rendered":"https:\/\/sunvault.ro\/shop\/unkategorisiert\/eve-inr18650-37-v-3500-mah-35-ah-lithium-ionen-zelle\/"},"modified":"2025-12-12T12:33:15","modified_gmt":"2025-12-12T12:33:15","slug":"eve-inr18650-37-v-3500-mah-35-ah-lithium-ionen-zelle","status":"publish","type":"product","link":"https:\/\/sunvault.ro\/de\/shop\/lithiumzellen\/eve-inr18650-37-v-3500-mah-35-ah-lithium-ionen-zelle\/","title":{"rendered":"EVE INR18650 3,7 V 3500 mAh (3,5 Ah) Lithium-Ionen-Zelle"},"content":{"rendered":"<p data-start=\"148\" data-end=\"409\">Die EVE INR18650 3500mAh-Zelle bietet hohe Kapazit\u00e4t und stabile Leistung im kompakten 18650-Format. Sie wird von EVE Energy hergestellt und eignet sich ideal f\u00fcr Anwendungen mit niedrigem und mittlerem Stromverbrauch, wie z. B. Akkupacks, Powerbanks oder elektronische Ger\u00e4te. <\/p>\n<p data-start=\"411\" data-end=\"595\">&#x2714;&#xfe0f; Hohe Kapazit\u00e4t \u2013 3500 mAh &#x2714;&#xfe0f; Nennspannung 3,6\u20133,7 V (max. 4,2 V) &#x2714;&#xfe0f; Hohe Zuverl\u00e4ssigkeit und lange Lebensdauer &#x2714;&#xfe0f; Geeignet f\u00fcr Heimwerkerprojekte und professionelle Anwendungen<\/p>\n<p data-start=\"597\" data-end=\"666\">&#x26a0;&#xfe0f; Ben\u00f6tigt ein BMS f\u00fcr Li-Ionen-Akkus (4,2 V). Nicht kompatibel mit LiFePO\u2084. <\/p>\n","protected":false},"excerpt":{"rendered":"<p>Die EVE INR18650 3500mAh-Zelle bietet hohe Kapazit\u00e4t und stabile Leistung im kompakten 18650-Format. Sie wird von EVE Energy hergestellt und eignet sich ideal f\u00fcr Anwendungen mit niedrigem und mittlerem Stromverbrauch, [&hellip;]<\/p>\n","protected":false},"featured_media":35186,"comment_status":"open","ping_status":"closed","template":"","meta":[],"product_brand":[],"product_cat":[767],"product_tag":[770,769,768],"class_list":{"0":"post-35554","1":"product","2":"type-product","3":"status-publish","4":"has-post-thumbnail","6":"product_cat-lithiumzellen","7":"product_tag-lithium-ionen","8":"product_tag-vorabend","9":"product_tag-zelle","12":"first","13":"instock","14":"taxable","15":"shipping-taxable","16":"purchasable","17":"product-type-simple"},"_links":{"self":[{"href":"https:\/\/sunvault.ro\/de\/wp-json\/wp\/v2\/product\/35554","targetHints":{"allow":["GET"]}}],"collection":[{"href":"https:\/\/sunvault.ro\/de\/wp-json\/wp\/v2\/product"}],"about":[{"href":"https:\/\/sunvault.ro\/de\/wp-json\/wp\/v2\/types\/product"}],"replies":[{"embeddable":true,"href":"https:\/\/sunvault.ro\/de\/wp-json\/wp\/v2\/comments?post=35554"}],"version-history":[{"count":0,"href":"https:\/\/sunvault.ro\/de\/wp-json\/wp\/v2\/product\/35554\/revisions"}],"wp:featuredmedia":[{"embeddable":true,"href":"https:\/\/sunvault.ro\/de\/wp-json\/wp\/v2\/media\/35186"}],"wp:attachment":[{"href":"https:\/\/sunvault.ro\/de\/wp-json\/wp\/v2\/media?parent=35554"}],"wp:term":[{"taxonomy":"product_brand","embeddable":true,"href":"https:\/\/sunvault.ro\/de\/wp-json\/wp\/v2\/product_brand?post=35554"},{"taxonomy":"product_cat","embeddable":true,"href":"https:\/\/sunvault.ro\/de\/wp-json\/wp\/v2\/product_cat?post=35554"},{"taxonomy":"product_tag","embeddable":true,"href":"https:\/\/sunvault.ro\/de\/wp-json\/wp\/v2\/product_tag?post=35554"}],"curies":[{"name":"wp","href":"https:\/\/api.w.org\/{rel}","templated":true}]}}