{"id":35592,"date":"2025-03-27T20:18:56","date_gmt":"2025-03-27T20:18:56","guid":{"rendered":"https:\/\/sunvault.ro\/shop\/unkategorisiert\/professionelles-12v-30a-lifepo4-ladegeraet-schnell-sicher-und-zuverlaessig\/"},"modified":"2025-03-27T20:18:56","modified_gmt":"2025-03-27T20:18:56","slug":"professionelles-12v-30a-lifepo4-ladegeraet-schnell-sicher-und-zuverlaessig","status":"publish","type":"product","link":"https:\/\/sunvault.ro\/de\/shop\/laden\/professionelles-12v-30a-lifepo4-ladegeraet-schnell-sicher-und-zuverlaessig\/","title":{"rendered":"Professionelles 12V 30A LiFePO4-Ladeger\u00e4t \u2013 schnell, sicher und zuverl\u00e4ssig"},"content":{"rendered":"<p class=\"\" data-start=\"101\" data-end=\"403\">Entdecken Sie das intelligente Ladeger\u00e4t f\u00fcr 12-V-LiFePO4-Akkus \u2013 ideal f\u00fcr Solar-, Automobil-, Schiffs- und netzunabh\u00e4ngige Anwendungen. Mit einem starken Ladestrom von 30 A und einer pr\u00e4zisen Spannung von 14,6 V gew\u00e4hrleistet dieses Ladeger\u00e4t ein schnelles, effizientes und sicheres Laden Ihrer Lithium-Eisenphosphat-Akkus. <\/p>\n<p class=\"\" data-start=\"405\" data-end=\"602\">Das Ladeger\u00e4t wurde f\u00fcr maximale Zuverl\u00e4ssigkeit entwickelt und akzeptiert eine universelle Eingangsspannung zwischen 180 und 260 V Wechselstrom mit zwei Frequenzen (50\/60 Hz), wodurch es \u00fcberall einsetzbar ist.<\/p>\n<p class=\"\" data-start=\"747\" data-end=\"772\"><strong data-start=\"747\" data-end=\"772\">Hauptmerkmale:<\/strong><\/p>\n<ul data-start=\"773\" data-end=\"1095\">\n<li class=\"\" data-start=\"773\" data-end=\"820\">\n<p class=\"\" data-start=\"775\" data-end=\"820\">Ausgangsspannung: 14,6 V (ideal f\u00fcr LiFePO4)<\/p>\n<\/li>\n<li class=\"\" data-start=\"821\" data-end=\"850\">\n<p class=\"\" data-start=\"823\" data-end=\"850\">Maximaler Ladestrom: 30 A<\/p>\n<\/li>\n<li class=\"\" data-start=\"851\" data-end=\"890\">\n<p class=\"\" data-start=\"853\" data-end=\"890\">Eingangsspannung: 180\u2013260 V Wechselstrom, 50\/60 Hz<\/p>\n<\/li>\n<li class=\"\" data-start=\"891\" data-end=\"959\">\n<p class=\"\" data-start=\"893\" data-end=\"959\">\u00dcberspannungs-, Kurzschluss- und Verpolungsschutz<\/p>\n<\/li>\n<li class=\"\" data-start=\"960\" data-end=\"1029\">\n<p class=\"\" data-start=\"962\" data-end=\"1029\">Zwei Anderson SB50-Steckverbinder f\u00fcr schnelle und sichere Verbindungen sind im Lieferumfang enthalten.<\/p>\n<\/li>\n<li class=\"\" data-start=\"1030\" data-end=\"1095\">\n<p class=\"\" data-start=\"1032\" data-end=\"1095\">Robustes und bel\u00fcftetes Geh\u00e4use f\u00fcr optimale W\u00e4rmeableitung<\/p>\n<\/li>\n<\/ul>\n<p class=\"\" data-start=\"1097\" data-end=\"1204\">Investieren Sie in Leistung, Sicherheit und Langlebigkeit mit unserem Premium-Ladeger\u00e4t f\u00fcr LiFePO4-Batterien.<\/p>\n","protected":false},"excerpt":{"rendered":"<p>Hochleistungsladeger\u00e4t f\u00fcr 12-V-LiFePO4-Akkus mit pr\u00e4ziser Ladespannung (14,6 V), maximalem Ladestrom von 30 A und universeller Stromversorgung 180\u2013260 V AC (50\/60 Hz). Inklusive zwei Anderson SB50-Steckern f\u00fcr einfache und sichere Verbindung. Ideal f\u00fcr Solaranlagen, Fahrzeuge und netzunabh\u00e4ngige Systeme.  <\/p>\n","protected":false},"featured_media":34481,"comment_status":"open","ping_status":"closed","template":"","meta":[],"product_brand":[],"product_cat":[816],"product_tag":[],"class_list":{"0":"post-35592","1":"product","2":"type-product","3":"status-publish","4":"has-post-thumbnail","6":"product_cat-laden","9":"first","10":"instock","11":"taxable","12":"shipping-taxable","13":"purchasable","14":"product-type-simple"},"_links":{"self":[{"href":"https:\/\/sunvault.ro\/de\/wp-json\/wp\/v2\/product\/35592","targetHints":{"allow":["GET"]}}],"collection":[{"href":"https:\/\/sunvault.ro\/de\/wp-json\/wp\/v2\/product"}],"about":[{"href":"https:\/\/sunvault.ro\/de\/wp-json\/wp\/v2\/types\/product"}],"replies":[{"embeddable":true,"href":"https:\/\/sunvault.ro\/de\/wp-json\/wp\/v2\/comments?post=35592"}],"version-history":[{"count":0,"href":"https:\/\/sunvault.ro\/de\/wp-json\/wp\/v2\/product\/35592\/revisions"}],"wp:featuredmedia":[{"embeddable":true,"href":"https:\/\/sunvault.ro\/de\/wp-json\/wp\/v2\/media\/34481"}],"wp:attachment":[{"href":"https:\/\/sunvault.ro\/de\/wp-json\/wp\/v2\/media?parent=35592"}],"wp:term":[{"taxonomy":"product_brand","embeddable":true,"href":"https:\/\/sunvault.ro\/de\/wp-json\/wp\/v2\/product_brand?post=35592"},{"taxonomy":"product_cat","embeddable":true,"href":"https:\/\/sunvault.ro\/de\/wp-json\/wp\/v2\/product_cat?post=35592"},{"taxonomy":"product_tag","embeddable":true,"href":"https:\/\/sunvault.ro\/de\/wp-json\/wp\/v2\/product_tag?post=35592"}],"curies":[{"name":"wp","href":"https:\/\/api.w.org\/{rel}","templated":true}]}}