{"id":35593,"date":"2025-02-26T20:26:57","date_gmt":"2025-02-26T20:26:57","guid":{"rendered":"https:\/\/sunvault.ro\/shop\/unkategorisiert\/growatt-spf-5000-zuverlaessiger-und-effizienter-netzunabhaengiger-wechselrichter-inklusive-wlan-modul\/"},"modified":"2025-02-26T20:26:57","modified_gmt":"2025-02-26T20:26:57","slug":"growatt-spf-5000-zuverlaessiger-und-effizienter-netzunabhaengiger-wechselrichter-inklusive-wlan-modul","status":"publish","type":"product","link":"https:\/\/sunvault.ro\/de\/shop\/growatt\/growatt-spf-5000-zuverlaessiger-und-effizienter-netzunabhaengiger-wechselrichter-inklusive-wlan-modul\/","title":{"rendered":"Growatt SPF 5000 \u2013 Zuverl\u00e4ssiger und effizienter netzunabh\u00e4ngiger Wechselrichter \u2013 inklusive WLAN-Modul"},"content":{"rendered":"<p data-start=\"62\" data-end=\"349\">Der Growatt SPF 5000 ist ein leistungsstarker netzunabh\u00e4ngiger Solarwechselrichter, ideal f\u00fcr private und gewerbliche Anwendungen. Mit einer Leistung von 5 kW bietet dieser Wechselrichter intelligentes Energiemanagement und ist mit Photovoltaikmodulen und LiFePO4-Batterien f\u00fcr optimale Autonomie kompatibel. <\/p>\n<h3 data-start=\"351\" data-end=\"401\"><strong data-start=\"355\" data-end=\"399\">Perfekt kompatibel mit Sunvault-Batterien<\/strong><\/h3>\n<p data-start=\"402\" data-end=\"836\">Growatt SPF 5000 l\u00e4sst sich nahtlos in Sunvault-Batterien mit 16 kWh und 5,2 kWh integrieren und bietet: &#x2714;&#xfe0f; L\u00e4ngere Autonomie \u2013 Effiziente Nutzung der gespeicherten Energie f\u00fcr eine konstante Stromversorgung der Verbraucher. &#x2714;&#xfe0f; Intelligentes Energiemanagement \u2013 \u200b\u200bFortschrittlicher Algorithmus zur Optimierung der Lade- und Entladezyklen. &#x2714;&#xfe0f; Hohe Effizienz \u2013 Optimierte Effizienz f\u00fcr minimalen Netzstromverbrauch.<\/p>\n<h3 data-start=\"838\" data-end=\"874\"><strong data-start=\"842\" data-end=\"872\">Hauptmerkmale:<\/strong><\/h3>\n<p data-start=\"875\" data-end=\"1139\">Nennleistung: 5000 W, Batteriespannung: 48 V, Kompatibel mit Photovoltaikmodulen bis 450 V DC, Priorit\u00e4tsfunktion: Solar\/Batterie\/Konfigurierbares Netz, Bietet USV-Funktion zur Stromversorgung kritischer Verbraucher<\/p>\n<p data-start=\"1141\" data-end=\"1287\" data-is-last-node=\"\" data-is-only-node=\"\">Dank seiner fortschrittlichen Technologie und Kompatibilit\u00e4t mit Sunvault-Batterien ist der Growatt SPF 5000 die ideale L\u00f6sung f\u00fcr leistungsstarke netzunabh\u00e4ngige Systeme.<\/p>\n","protected":false},"excerpt":{"rendered":"<p>Der Growatt SPF 5000 ist ein 5-kW-Inselwechselrichter, ideal f\u00fcr netzunabh\u00e4ngige Photovoltaikanlagen im privaten und gewerblichen Bereich. Er l\u00e4sst sich nahtlos in die Sunvault-Batterien mit 16 kWh und 5,2 kWh integrieren und bietet so eine lange Autonomie, hohe Effizienz und intelligentes Energiemanagement. Dank Unterst\u00fctzung f\u00fcr Solarmodule bis 450 V DC, konfigurierbarer Priorit\u00e4ts- und Notstromversorgung ist er die ideale L\u00f6sung zur Stromversorgung von Verbrauchern auch ohne Netzanschluss.  <\/p>\n","protected":false},"featured_media":34391,"comment_status":"open","ping_status":"closed","template":"","meta":[],"product_brand":[],"product_cat":[817,779],"product_tag":[],"class_list":{"0":"post-35593","1":"product","2":"type-product","3":"status-publish","4":"has-post-thumbnail","6":"product_cat-growatt","7":"product_cat-wechselrichter","10":"first","11":"instock","12":"sale","13":"taxable","14":"shipping-taxable","15":"purchasable","16":"product-type-simple"},"_links":{"self":[{"href":"https:\/\/sunvault.ro\/de\/wp-json\/wp\/v2\/product\/35593","targetHints":{"allow":["GET"]}}],"collection":[{"href":"https:\/\/sunvault.ro\/de\/wp-json\/wp\/v2\/product"}],"about":[{"href":"https:\/\/sunvault.ro\/de\/wp-json\/wp\/v2\/types\/product"}],"replies":[{"embeddable":true,"href":"https:\/\/sunvault.ro\/de\/wp-json\/wp\/v2\/comments?post=35593"}],"version-history":[{"count":0,"href":"https:\/\/sunvault.ro\/de\/wp-json\/wp\/v2\/product\/35593\/revisions"}],"wp:featuredmedia":[{"embeddable":true,"href":"https:\/\/sunvault.ro\/de\/wp-json\/wp\/v2\/media\/34391"}],"wp:attachment":[{"href":"https:\/\/sunvault.ro\/de\/wp-json\/wp\/v2\/media?parent=35593"}],"wp:term":[{"taxonomy":"product_brand","embeddable":true,"href":"https:\/\/sunvault.ro\/de\/wp-json\/wp\/v2\/product_brand?post=35593"},{"taxonomy":"product_cat","embeddable":true,"href":"https:\/\/sunvault.ro\/de\/wp-json\/wp\/v2\/product_cat?post=35593"},{"taxonomy":"product_tag","embeddable":true,"href":"https:\/\/sunvault.ro\/de\/wp-json\/wp\/v2\/product_tag?post=35593"}],"curies":[{"name":"wp","href":"https:\/\/api.w.org\/{rel}","templated":true}]}}