{"id":35597,"date":"2024-12-19T14:00:53","date_gmt":"2024-12-19T14:00:53","guid":{"rendered":"https:\/\/sunvault.ro\/shop\/unkategorisiert\/flexible-kupfersammelschiene-fuer-eve-zellen-lf280k-mb31-mit-2-x-m6-anschluessen\/"},"modified":"2024-12-19T14:00:53","modified_gmt":"2024-12-19T14:00:53","slug":"flexible-kupfersammelschiene-fuer-eve-zellen-lf280k-mb31-mit-2-x-m6-anschluessen","status":"publish","type":"product","link":"https:\/\/sunvault.ro\/de\/shop\/diy-sets\/flexible-kupfersammelschiene-fuer-eve-zellen-lf280k-mb31-mit-2-x-m6-anschluessen\/","title":{"rendered":"Flexible Kupfersammelschiene f\u00fcr EVE-Zellen LF280K, MB31 mit 2 x M6-Anschl\u00fcssen"},"content":{"rendered":"<p>Diese Kupfersammelschienen sind f\u00fcr EVE LF280K- oder MB31-Zellen mit Anschl\u00fcssen mit zwei M6-Gewindebohrungen geeignet. Durch die Reduzierung des Innenwiderstands wird die Batterieeffizienz gesteigert. Pro Sammelschiene sind vier M6-Schrauben im Lieferumfang enthalten.<\/p>\n","protected":false},"excerpt":{"rendered":"<p>Flexible Kupfer-Stromschienen 108x20x2 mm mit 4 M6-Schrauben im Lieferumfang enthalten<\/p>\n","protected":false},"featured_media":34185,"comment_status":"open","ping_status":"closed","template":"","meta":[],"product_brand":[],"product_cat":[822,728],"product_tag":[],"class_list":{"0":"post-35597","1":"product","2":"type-product","3":"status-publish","4":"has-post-thumbnail","6":"product_cat-diy-sets","7":"product_cat-lithium-batteriekomponenten","10":"first","11":"instock","12":"taxable","13":"shipping-taxable","14":"purchasable","15":"product-type-simple"},"_links":{"self":[{"href":"https:\/\/sunvault.ro\/de\/wp-json\/wp\/v2\/product\/35597","targetHints":{"allow":["GET"]}}],"collection":[{"href":"https:\/\/sunvault.ro\/de\/wp-json\/wp\/v2\/product"}],"about":[{"href":"https:\/\/sunvault.ro\/de\/wp-json\/wp\/v2\/types\/product"}],"replies":[{"embeddable":true,"href":"https:\/\/sunvault.ro\/de\/wp-json\/wp\/v2\/comments?post=35597"}],"version-history":[{"count":0,"href":"https:\/\/sunvault.ro\/de\/wp-json\/wp\/v2\/product\/35597\/revisions"}],"wp:featuredmedia":[{"embeddable":true,"href":"https:\/\/sunvault.ro\/de\/wp-json\/wp\/v2\/media\/34185"}],"wp:attachment":[{"href":"https:\/\/sunvault.ro\/de\/wp-json\/wp\/v2\/media?parent=35597"}],"wp:term":[{"taxonomy":"product_brand","embeddable":true,"href":"https:\/\/sunvault.ro\/de\/wp-json\/wp\/v2\/product_brand?post=35597"},{"taxonomy":"product_cat","embeddable":true,"href":"https:\/\/sunvault.ro\/de\/wp-json\/wp\/v2\/product_cat?post=35597"},{"taxonomy":"product_tag","embeddable":true,"href":"https:\/\/sunvault.ro\/de\/wp-json\/wp\/v2\/product_tag?post=35597"}],"curies":[{"name":"wp","href":"https:\/\/api.w.org\/{rel}","templated":true}]}}