{"id":35610,"date":"2024-12-19T15:23:35","date_gmt":"2024-12-19T15:23:35","guid":{"rendered":"https:\/\/sunvault.ro\/shop\/unkategorisiert\/flexible-kupfersammelschiene-zum-anschluss-von-eve-lf280k-und-mb31-zellen-mit-2-x-m6-anschluss\/"},"modified":"2024-12-19T15:23:35","modified_gmt":"2024-12-19T15:23:35","slug":"flexible-kupfersammelschiene-zum-anschluss-von-eve-lf280k-und-mb31-zellen-mit-2-x-m6-anschluss","status":"publish","type":"product","link":"https:\/\/sunvault.ro\/de\/shop\/diy-sets\/flexible-kupfersammelschiene-zum-anschluss-von-eve-lf280k-und-mb31-zellen-mit-2-x-m6-anschluss\/","title":{"rendered":"Flexible Kupfersammelschiene zum Anschluss von EVE LF280K- und MB31-Zellen mit 2 x M6-Anschluss"},"content":{"rendered":"<p>Diese Kupfersammelschiene ist f\u00fcr EVE LF280K- oder MB31-Zellen mit Anschl\u00fcssen mit zwei M6-Bohrungen vorgesehen. Sie dient zur Verbindung von Zellreihen und ist speziell f\u00fcr das 16S 280\u2013330Ah Sunvault-Kit konzipiert. <\/p>\n<p>F\u00fcr jede Sammelschiene sind 4 x M6-Schrauben enthalten.<\/p>\n","protected":false},"excerpt":{"rendered":"<p>Flexible Kupfer-Stromschienen 120x40x2 mm mit 4 M6-Schrauben im Lieferumfang enthalten<\/p>\n","protected":false},"featured_media":34197,"comment_status":"open","ping_status":"closed","template":"","meta":[],"product_brand":[],"product_cat":[822,728],"product_tag":[],"class_list":{"0":"post-35610","1":"product","2":"type-product","3":"status-publish","4":"has-post-thumbnail","6":"product_cat-diy-sets","7":"product_cat-lithium-batteriekomponenten","10":"first","11":"instock","12":"taxable","13":"shipping-taxable","14":"purchasable","15":"product-type-simple"},"_links":{"self":[{"href":"https:\/\/sunvault.ro\/de\/wp-json\/wp\/v2\/product\/35610","targetHints":{"allow":["GET"]}}],"collection":[{"href":"https:\/\/sunvault.ro\/de\/wp-json\/wp\/v2\/product"}],"about":[{"href":"https:\/\/sunvault.ro\/de\/wp-json\/wp\/v2\/types\/product"}],"replies":[{"embeddable":true,"href":"https:\/\/sunvault.ro\/de\/wp-json\/wp\/v2\/comments?post=35610"}],"version-history":[{"count":0,"href":"https:\/\/sunvault.ro\/de\/wp-json\/wp\/v2\/product\/35610\/revisions"}],"wp:featuredmedia":[{"embeddable":true,"href":"https:\/\/sunvault.ro\/de\/wp-json\/wp\/v2\/media\/34197"}],"wp:attachment":[{"href":"https:\/\/sunvault.ro\/de\/wp-json\/wp\/v2\/media?parent=35610"}],"wp:term":[{"taxonomy":"product_brand","embeddable":true,"href":"https:\/\/sunvault.ro\/de\/wp-json\/wp\/v2\/product_brand?post=35610"},{"taxonomy":"product_cat","embeddable":true,"href":"https:\/\/sunvault.ro\/de\/wp-json\/wp\/v2\/product_cat?post=35610"},{"taxonomy":"product_tag","embeddable":true,"href":"https:\/\/sunvault.ro\/de\/wp-json\/wp\/v2\/product_tag?post=35610"}],"curies":[{"name":"wp","href":"https:\/\/api.w.org\/{rel}","templated":true}]}}