{"id":35696,"date":"2024-10-29T18:02:31","date_gmt":"2024-10-29T18:02:31","guid":{"rendered":"https:\/\/sunvault.ro\/shop\/unkategorisiert\/48v-batteriesatz-ohne-zellen\/"},"modified":"2026-02-11T10:47:08","modified_gmt":"2026-02-11T10:47:08","slug":"48v-batteriesatz-ohne-zellen","status":"publish","type":"product","link":"https:\/\/sunvault.ro\/de\/shop\/diy-sets\/48v-batteriesatz-ohne-zellen\/","title":{"rendered":"48V-Batteriesatz ohne Zellen"},"content":{"rendered":"\t\t<div data-elementor-type=\"product-post\" data-elementor-id=\"35696\" class=\"elementor elementor-35696 elementor-33833\" data-elementor-post-type=\"product\">\n\t\t\t\t\t\t<section class=\"elementor-section elementor-top-section elementor-element elementor-element-72d1b85a elementor-section-boxed elementor-section-height-default elementor-section-height-default\" data-id=\"72d1b85a\" data-element_type=\"section\">\n\t\t\t\t\t\t<div class=\"elementor-container elementor-column-gap-default\">\n\t\t\t\t\t<div class=\"elementor-column elementor-col-100 elementor-top-column elementor-element elementor-element-622dd6af\" data-id=\"622dd6af\" data-element_type=\"column\">\n\t\t\t<div class=\"elementor-widget-wrap elementor-element-populated\">\n\t\t\t\t\t\t<div class=\"elementor-element elementor-element-7d54e27 elementor-widget elementor-widget-video\" data-id=\"7d54e27\" data-element_type=\"widget\" data-settings=\"{&quot;youtube_url&quot;:&quot;https:\\\/\\\/www.youtube.com\\\/watch?v=_0ItXeYPvPc&quot;,&quot;video_type&quot;:&quot;youtube&quot;,&quot;controls&quot;:&quot;yes&quot;}\" data-widget_type=\"video.default\">\n\t\t\t\t<div class=\"elementor-widget-container\">\n\t\t\t\t\t<div class=\"elementor-wrapper elementor-open-inline\">\n\t\t\t<div class=\"elementor-video\"><\/div>\t\t<\/div>\n\t\t\t\t<\/div>\n\t\t\t\t<\/div>\n\t\t\t\t<div class=\"elementor-element elementor-element-7bc017f7 elementor-widget elementor-widget-text-editor\" data-id=\"7bc017f7\" data-element_type=\"widget\" data-widget_type=\"text-editor.default\">\n\t\t\t\t<div class=\"elementor-widget-container\">\n\t\t\t\t\t\t\t<h4><span style=\"background-color: var(--white); color: var(--black); font-family: var(--font-main), sans-serif; letter-spacing: var(--font-main-letterspacing); font-size: 16px;\">Dieses 48-V-LiFePO4-Batterieset f\u00fcr 280\u2013330 Ah EVE-Zellen ist die ideale L\u00f6sung f\u00fcr Energiespeicheranwendungen und den Einsatz in Solar- oder netzunabh\u00e4ngigen Projekten. Das Set enth\u00e4lt hochwertige Komponenten, die auf Leistung, Sicherheit und einfache Installation ausgelegt sind. <\/span><\/h4>\n<p><strong>Das Set enth\u00e4lt:<\/strong><\/p>\n<ul>\n<li>Metallgeh\u00e4use aus Rum\u00e4nien: mit Abmessungen von 800 mm x 430 mm x 265 mm, das einen erh\u00f6hten Schutz und eine l\u00e4ngere Lebensdauer der Batterie gew\u00e4hrleistet.<\/li>\n<li>BMS JK-PB2A16S20P 200A: mit 2A aktiver Ausgleichskapazit\u00e4t, die ein gleichm\u00e4\u00dfiges Laden und einen umfassenden Schutz der Batterie gew\u00e4hrleistet. Die Spezifikationen des BMS sind: \n<ul>\n<li>Dauerentladestrom: 200 A, f\u00fcr Zuverl\u00e4ssigkeit und dauerhafte Leistung.<\/li>\n<li>Maximaler Entladestrom: 350 A f\u00fcr 2 Minuten, f\u00fcr Momente mit hohem Strombedarf.<\/li>\n<li>Ladestrom: 200 A, unterst\u00fctzt schnelles und effizientes Laden.<\/li>\n<\/ul>\n<\/li>\n<li>CE BMS-Zertifizierung: ZHT-230316005C, die die Einhaltung von Sicherheits- und Qualit\u00e4tsstandards gew\u00e4hrleistet.<\/li>\n<li><strong>Die Kabel, die ben\u00f6tigt werden, um die Zellen mit dem BMS und den Batteriepolen zu verbinden.<\/strong><\/li>\n<li><strong>Textolite-Schutz f\u00fcr die Innenseite des Geh\u00e4uses und f\u00fcr den Deckel<\/strong><\/li>\n<\/ul>\n<p><strong>Erweiterte \u00dcberwachungs- und Konnektivit\u00e4tsfunktionen:<\/strong><\/p>\n<ul>\n<li>Echtzeit\u00fcberwachung und -berichterstattung: Spannung, Stromst\u00e4rke, Temperatur und Ladezustand werden alle auf einem 4,3-Zoll-Bildschirm angezeigt und erm\u00f6glichen so die vollst\u00e4ndige Systemkontrolle.<\/li>\n<li>Kommunikationsschnittstellen: Bluetooth, RS232\/RS485 und CAN, die Flexibilit\u00e4t bei der Batterieintegration und -\u00fcberwachung bieten.<\/li>\n<\/ul>\n<p>Eingeschlossene Schutzfunktionen: Das BMS beinhaltet einen Schutz gegen \u00dcberladung, Tiefentladung, \u00dcberstrom, Kurzschluss und \u00dcberhitzung. Zur pr\u00e4zisen \u00dcberwachung und Vermeidung von \u00dcberhitzungsproblemen werden 4 Temperaturf\u00fchler eingesetzt.<\/p>\n<p>Einfacher Anschluss an andere Batterien: Das Set ist mit 4 200A-Anschl\u00fcssen (2 f\u00fcr Plus und 2 f\u00fcr Minus) ausgestattet, die eine Parallelschaltung mit anderen Batterien erm\u00f6glichen, f\u00fcr eine individuelle Konfiguration und Erweiterung der Speicherkapazit\u00e4t.<\/p>\n<p>Dieses Batterieset ist auf maximale Zuverl\u00e4ssigkeit und optimale Leistung ausgelegt und somit die perfekte Wahl f\u00fcr Anwender, die ein effizientes und sicheres Speichersystem zu niedrigen Kosten w\u00fcnschen.<\/p>\n<h3>Nutzungs- und Installationsbedingungen<\/h3>\n<p>Dieses Set ist ausschlie\u00dflich als Ersatzteil und Komponente f\u00fcr die Batteriemontage vorgesehen und stellt kein fertiges Produkt dar. Es wird empfohlen, die Installation und Verwendung von Fachleuten oder geschultem Personal gem\u00e4\u00df den bereitgestellten technischen Spezifikationen durchf\u00fchren zu lassen. <\/p>\n<p>Da das Set in Industrieumgebungen, Garagen, Kellern oder \u00e4hnlichen R\u00e4umen eingesetzt werden kann, ist der Benutzer daf\u00fcr verantwortlich, optimale Betriebs- und Sicherheitsbedingungen zu gew\u00e4hrleisten. Die Produktgarantie betr\u00e4gt 1 Jahr gem\u00e4\u00df den Angaben im Garantiezertifikat. <\/p>\n<p><strong>Achtung! Das Set enth\u00e4lt keine LiFePo4-Zellen. <\/strong> Diese k\u00f6nnen separat \u00fcber unsere Website erworben werden.<\/p>\t\t\t\t\t\t<\/div>\n\t\t\t\t<\/div>\n\t\t\t\t\t<\/div>\n\t\t<\/div>\n\t\t\t\t\t<\/div>\n\t\t<\/section>\n\t\t\t\t<\/div>\n\t\t","protected":false},"excerpt":{"rendered":"<p>Komplettes Set zum Zusammenbau einer 48-V-, 280\u2013330-Ah-EVE-LiFePO4-Batterie, ideal f\u00fcr Energiespeicheranwendungen. Beinhaltet ein hochwertiges Metallgeh\u00e4use, ein 200-A-JK-BMS mit 2-A-Aktivbalance und hochfeste Anschlussklemmen. Bietet umfassende Schutzfunktionen und fortschrittliche \u00dcberwachung f\u00fcr optimale Leistung und Sicherheit.  <\/p>\n","protected":false},"featured_media":34408,"comment_status":"open","ping_status":"closed","template":"","meta":[],"product_brand":[],"product_cat":[822],"product_tag":[886,885,887,888],"class_list":{"0":"post-35696","1":"product","2":"type-product","3":"status-publish","4":"has-post-thumbnail","6":"product_cat-diy-sets","7":"product_tag-48v-kit","8":"product_tag-diy-bausatz","9":"product_tag-lifepo4-kit","10":"product_tag-solarbatterie-2","11":"product_shipping_class-schwer","14":"first","15":"instock","16":"taxable","17":"shipping-taxable","18":"purchasable","19":"product-type-variable","20":"has-default-attributes"},"_links":{"self":[{"href":"https:\/\/sunvault.ro\/de\/wp-json\/wp\/v2\/product\/35696","targetHints":{"allow":["GET"]}}],"collection":[{"href":"https:\/\/sunvault.ro\/de\/wp-json\/wp\/v2\/product"}],"about":[{"href":"https:\/\/sunvault.ro\/de\/wp-json\/wp\/v2\/types\/product"}],"replies":[{"embeddable":true,"href":"https:\/\/sunvault.ro\/de\/wp-json\/wp\/v2\/comments?post=35696"}],"version-history":[{"count":1,"href":"https:\/\/sunvault.ro\/de\/wp-json\/wp\/v2\/product\/35696\/revisions"}],"predecessor-version":[{"id":35700,"href":"https:\/\/sunvault.ro\/de\/wp-json\/wp\/v2\/product\/35696\/revisions\/35700"}],"wp:featuredmedia":[{"embeddable":true,"href":"https:\/\/sunvault.ro\/de\/wp-json\/wp\/v2\/media\/34408"}],"wp:attachment":[{"href":"https:\/\/sunvault.ro\/de\/wp-json\/wp\/v2\/media?parent=35696"}],"wp:term":[{"taxonomy":"product_brand","embeddable":true,"href":"https:\/\/sunvault.ro\/de\/wp-json\/wp\/v2\/product_brand?post=35696"},{"taxonomy":"product_cat","embeddable":true,"href":"https:\/\/sunvault.ro\/de\/wp-json\/wp\/v2\/product_cat?post=35696"},{"taxonomy":"product_tag","embeddable":true,"href":"https:\/\/sunvault.ro\/de\/wp-json\/wp\/v2\/product_tag?post=35696"}],"curies":[{"name":"wp","href":"https:\/\/api.w.org\/{rel}","templated":true}]}}