{"id":35711,"date":"2024-08-23T08:05:12","date_gmt":"2024-08-23T08:05:12","guid":{"rendered":"https:\/\/sunvault.ro\/shop\/unkategorisiert\/baterie-solar-mit-lithium-lifepo4-512v-314-ah-16-kwh-fuer-48v-system\/"},"modified":"2024-08-23T08:05:12","modified_gmt":"2024-08-23T08:05:12","slug":"baterie-solar-mit-lithium-lifepo4-512v-314-ah-16-kwh-fuer-48v-system","status":"publish","type":"product","link":"https:\/\/sunvault.ro\/de\/shop\/lithium-batterien\/baterie-solar-mit-lithium-lifepo4-512v-314-ah-16-kwh-fuer-48v-system\/","title":{"rendered":"Baterie Solar mit Lithium LiFePO4 51,2V 314 Ah \u2013 16 kWh (f\u00fcr 48V-System)"},"content":{"rendered":"<p><strong>Lieferung ab Lager, 2-3 Tage ab Bestelldatum. <\/strong><\/p>\n<p>Modell: Sunvault 16 kWh, 314 Ah, 200 A Smart-Batterie<\/p>\n<ul>\n<li>Nennspannung: 51,2 V<\/li>\n<li>Nennkapazit\u00e4t: 314 Ah<\/li>\n<li>Energie: 16 kWh<\/li>\n<li>Zellkonfiguration: 16S 1P<\/li>\n<li><strong>Lebenszyklen<\/strong>: &gt;800 Zyklen<\/li>\n<li>Gewicht: 120 kg<\/li>\n<li>Abmessungen: 750 mm x 430 mm x 265 mm<\/li>\n<li>Betriebsspannungsbereich: 40 V bis 58,4 V<\/li>\n<li>Ladespannung: 58,4 V<\/li>\n<li>Entladeschlussspannung: 40 V<\/li>\n<li>Betriebstemperaturbereich: 2 \u00b0C bis 55 \u00b0C \u2013 Unbeheizte Ausf\u00fchrung<\/li>\n<li>Betriebstemperaturbereich: -10 \u00b0C bis 55 \u00b0C &#8211; Beheizte Ausf\u00fchrung<\/li>\n<li>Lagertemperaturbereich: 25 \u00b0C<\/li>\n<\/ul>\n<p><strong>BMS-Spezifikationen<\/strong><\/p>\n<p>Modell: PB2A16S20P JKBMS 200A, 2A Aktiver Lastausgleich<\/p>\n<ul>\n<li>Dauerentladestrom: 200 A<\/li>\n<li>Maximaler Entladestrom: 350 A f\u00fcr 2 Minuten<\/li>\n<li>Ladestrom: 150 A<\/li>\n<li>Ausgleichsmethode: Aktiver 2A-Ausgleich<\/li>\n<li>Kommunikationsschnittstellen: Bluetooth, RS232\/RS485\/CAN<\/li>\n<li>Schutzfunktionen: \u00dcberladeschutz, Tiefentladeschutz, \u00dcberstromschutz, Kurzschlussschutz, Temperaturschutz mittels 4 Temperaturf\u00fchlern<\/li>\n<li>\u00dcberwachung und Berichterstattung: Spannung, Stromst\u00e4rke, Temperatur, Ladestatus \u00fcber einen 4,3-Zoll-Bildschirm<\/li>\n<\/ul>\n<p><strong>Weitere Informationen<\/strong><\/p>\n<ul>\n<li>Produzent:\n<ul>\n<li>Zellen: EVE<\/li>\n<li>BMS: Jikong<\/li>\n<\/ul>\n<\/li>\n<li>Garantie: 10 Jahre<\/li>\n<li>Zertifizierungen:\n<ul>\n<li>CE-BMS-Zertifikatsnummer: ZHT-230316005C<\/li>\n<li>Zellzertifizierung: SiCt: XK2303013084C<\/li>\n<\/ul>\n<\/li>\n<\/ul>\n","protected":false},"excerpt":{"rendered":"<div class=\"woocommerce-product-details__short-description\">\n<p>Sunvault 16Kwh, 314Ah, 200A Smart Battery<\/p>\n<\/div>\n","protected":false},"featured_media":33755,"comment_status":"open","ping_status":"closed","template":"","meta":[],"product_brand":[],"product_cat":[759],"product_tag":[761,762,760],"class_list":{"0":"post-35711","1":"product","2":"type-product","3":"status-publish","4":"has-post-thumbnail","6":"product_cat-lithium-batterien","7":"product_tag-48-v-batterie","8":"product_tag-eve-mb31-zellen","9":"product_tag-solarbatterie","10":"product_shipping_class-schwer","13":"first","14":"instock","15":"sale","16":"taxable","17":"shipping-taxable","18":"purchasable","19":"product-type-simple"},"_links":{"self":[{"href":"https:\/\/sunvault.ro\/de\/wp-json\/wp\/v2\/product\/35711","targetHints":{"allow":["GET"]}}],"collection":[{"href":"https:\/\/sunvault.ro\/de\/wp-json\/wp\/v2\/product"}],"about":[{"href":"https:\/\/sunvault.ro\/de\/wp-json\/wp\/v2\/types\/product"}],"replies":[{"embeddable":true,"href":"https:\/\/sunvault.ro\/de\/wp-json\/wp\/v2\/comments?post=35711"}],"version-history":[{"count":0,"href":"https:\/\/sunvault.ro\/de\/wp-json\/wp\/v2\/product\/35711\/revisions"}],"wp:featuredmedia":[{"embeddable":true,"href":"https:\/\/sunvault.ro\/de\/wp-json\/wp\/v2\/media\/33755"}],"wp:attachment":[{"href":"https:\/\/sunvault.ro\/de\/wp-json\/wp\/v2\/media?parent=35711"}],"wp:term":[{"taxonomy":"product_brand","embeddable":true,"href":"https:\/\/sunvault.ro\/de\/wp-json\/wp\/v2\/product_brand?post=35711"},{"taxonomy":"product_cat","embeddable":true,"href":"https:\/\/sunvault.ro\/de\/wp-json\/wp\/v2\/product_cat?post=35711"},{"taxonomy":"product_tag","embeddable":true,"href":"https:\/\/sunvault.ro\/de\/wp-json\/wp\/v2\/product_tag?post=35711"}],"curies":[{"name":"wp","href":"https:\/\/api.w.org\/{rel}","templated":true}]}}