{"id":35731,"date":"2024-09-20T06:06:39","date_gmt":"2024-09-20T06:06:39","guid":{"rendered":"https:\/\/sunvault.ro\/shop\/unkategorisiert\/jk-bms-200a-pb2a16s20p-erweiterter-schutz-mit-rs485-und-can-kommunikation\/"},"modified":"2026-02-11T12:12:33","modified_gmt":"2026-02-11T12:12:33","slug":"jk-bms-200a-pb2a16s20p-erweiterter-schutz-mit-rs485-und-can-kommunikation","status":"publish","type":"product","link":"https:\/\/sunvault.ro\/de\/shop\/lithium-batteriekomponenten\/jk-bms-200a-pb2a16s20p-erweiterter-schutz-mit-rs485-und-can-kommunikation\/","title":{"rendered":"JK BMS 200A PB2A16S20P \u2013 Erweiterter Schutz mit RS485- und CAN-Kommunikation"},"content":{"rendered":"\t\t<div data-elementor-type=\"product-post\" data-elementor-id=\"35731\" class=\"elementor elementor-35731 elementor-33773\" data-elementor-post-type=\"product\">\n\t\t\t\t\t\t<section class=\"elementor-section elementor-top-section elementor-element elementor-element-56b26757 elementor-section-boxed elementor-section-height-default elementor-section-height-default\" data-id=\"56b26757\" data-element_type=\"section\">\n\t\t\t\t\t\t<div class=\"elementor-container elementor-column-gap-default\">\n\t\t\t\t\t<div class=\"elementor-column elementor-col-100 elementor-top-column elementor-element elementor-element-7679eb2e\" data-id=\"7679eb2e\" data-element_type=\"column\">\n\t\t\t<div class=\"elementor-widget-wrap elementor-element-populated\">\n\t\t\t\t\t\t<div class=\"elementor-element elementor-element-60f6c489 elementor-widget elementor-widget-text-editor\" data-id=\"60f6c489\" data-element_type=\"widget\" data-widget_type=\"text-editor.default\">\n\t\t\t\t<div class=\"elementor-widget-container\">\n\t\t\t\t\t\t\tDas Batteriemanagementsystem JK 200A PB2A16S20P bietet fortschrittlichen Schutz f\u00fcr LiFePO4-Akkus, verwaltet bis zu 16 Zellen (16S) und liefert einen kontinuierlichen Entladestrom von 200 A. Ausgestattet mit aktiven Ausgleichsfunktionen und Schutz vor \u00dcberlastung, \u00dcberladung, Tiefentladung und Kurzschluss optimiert dieses BMS die Leistung Ihres Akkus. \r\n\r\n<strong>Hauptmerkmale:<\/strong>\r\n<ul>\r\n \t<li>Nennstrom: 200 A<\/li>\r\n \t<li><strong>Unterst\u00fctzung f\u00fcr bis zu 16S (16 LiFePO4-Zellen)<\/strong><\/li>\r\n \t<li>RS485- und CAN-Kommunikation f\u00fcr einfache Integration mit anderen Systemen<\/li>\r\n \t<li>Aktiver Zellausgleich f\u00fcr l\u00e4ngere Batterielebensdauer<\/li>\r\n \t<li>Mehrfacher Schutz: gegen \u00dcberlastung, \u00dcberladung, Tiefentladung und Kurzschluss<\/li>\r\n \t<li>Fern\u00fcberwachung und -steuerung \u00fcber Kommunikationsschnittstelle<\/li>\r\n<\/ul>\r\nDieses BMS eignet sich ideal f\u00fcr Anwendungen, die hohe Leistung und Sicherheit erfordern, wie z. B. Solaranlagen, Energiespeicher und Elektrofahrzeuge.\t\t\t\t\t\t<\/div>\n\t\t\t\t<\/div>\n\t\t\t\t<div class=\"elementor-element elementor-element-26064bc elementor-widget elementor-widget-text-editor\" data-id=\"26064bc\" data-element_type=\"widget\" data-widget_type=\"text-editor.default\">\n\t\t\t\t<div class=\"elementor-widget-container\">\n\t\t\t\t\t\t\t<h4><strong data-start=\"48\" data-end=\"71\">Schaltplan<\/strong><\/h4>\t\t\t\t\t\t<\/div>\n\t\t\t\t<\/div>\n\t\t\t\t<div class=\"elementor-element elementor-element-dd37b3e elementor-widget elementor-widget-text-editor\" data-id=\"dd37b3e\" data-element_type=\"widget\" data-widget_type=\"text-editor.default\">\n\t\t\t\t<div class=\"elementor-widget-container\">\n\t\t\t\t\t\t\t<p>Die Schutzplatine stellt strenge Anforderungen an die Reihenfolge der Stromversorgung. Schlie\u00dfen Sie die Anschl\u00fcsse in aufsteigender Reihenfolge an: B-, P-, B+, P+. Nach dem Einschalten dr\u00fccken Sie den Aktivierungsknopf. Schlie\u00dfen Sie alle Kabel an, bevor Sie die Last oder das Ladeger\u00e4t anschlie\u00dfen. Zum Trennen entfernen Sie zuerst die Last und das Ladeger\u00e4t. Trennen Sie anschlie\u00dfend die Zellprobenanschl\u00fcsse in aufsteigender Reihenfolge und entfernen Sie zuletzt B+, P+, B- und P-.    <\/p>\t\t\t\t\t\t<\/div>\n\t\t\t\t<\/div>\n\t\t\t\t<div class=\"elementor-element elementor-element-d8040c8 elementor-widget elementor-widget-image\" data-id=\"d8040c8\" data-element_type=\"widget\" data-widget_type=\"image.default\">\n\t\t\t\t<div class=\"elementor-widget-container\">\n\t\t\t\t\t\t\t\t\t\t\t\t\t<img fetchpriority=\"high\" decoding=\"async\" width=\"600\" height=\"322\" src=\"https:\/\/sunvault.ro\/wp-content\/uploads\/2024\/09\/Diagrama-BMS-JKPB2A16S20P.png\" class=\"attachment-large size-large wp-image-34765\" alt=\"\" srcset=\"https:\/\/sunvault.ro\/wp-content\/uploads\/2024\/09\/Diagrama-BMS-JKPB2A16S20P.png 600w, https:\/\/sunvault.ro\/wp-content\/uploads\/2024\/09\/Diagrama-BMS-JKPB2A16S20P-300x161.png 300w, https:\/\/sunvault.ro\/wp-content\/uploads\/2024\/09\/Diagrama-BMS-JKPB2A16S20P-100x54.png 100w, https:\/\/sunvault.ro\/wp-content\/uploads\/2024\/09\/Diagrama-BMS-JKPB2A16S20P-60x32.png 60w, https:\/\/sunvault.ro\/wp-content\/uploads\/2024\/09\/Diagrama-BMS-JKPB2A16S20P-480x258.png 480w\" sizes=\"(max-width: 600px) 100vw, 600px\" \/>\t\t\t\t\t\t\t\t\t\t\t\t\t<\/div>\n\t\t\t\t<\/div>\n\t\t\t\t<div class=\"elementor-element elementor-element-f4795d3 elementor-widget elementor-widget-text-editor\" data-id=\"f4795d3\" data-element_type=\"widget\" data-widget_type=\"text-editor.default\">\n\t\t\t\t<div class=\"elementor-widget-container\">\n\t\t\t\t\t\t\t<h4><strong data-start=\"48\" data-end=\"71\">Gr\u00f6\u00dfe<\/strong><\/h4>\t\t\t\t\t\t<\/div>\n\t\t\t\t<\/div>\n\t\t\t\t<div class=\"elementor-element elementor-element-6a4c5f7 elementor-widget elementor-widget-image\" data-id=\"6a4c5f7\" data-element_type=\"widget\" data-widget_type=\"image.default\">\n\t\t\t\t<div class=\"elementor-widget-container\">\n\t\t\t\t\t\t\t\t\t\t\t\t\t<img decoding=\"async\" width=\"400\" height=\"687\" src=\"https:\/\/sunvault.ro\/wp-content\/uploads\/2024\/09\/DimensiuniBMS-JKPB2A16S20P.png\" class=\"attachment-large size-large wp-image-34772\" alt=\"\" srcset=\"https:\/\/sunvault.ro\/wp-content\/uploads\/2024\/09\/DimensiuniBMS-JKPB2A16S20P.png 400w, https:\/\/sunvault.ro\/wp-content\/uploads\/2024\/09\/DimensiuniBMS-JKPB2A16S20P-175x300.png 175w, https:\/\/sunvault.ro\/wp-content\/uploads\/2024\/09\/DimensiuniBMS-JKPB2A16S20P-58x100.png 58w, https:\/\/sunvault.ro\/wp-content\/uploads\/2024\/09\/DimensiuniBMS-JKPB2A16S20P-60x103.png 60w\" sizes=\"(max-width: 400px) 100vw, 400px\" \/>\t\t\t\t\t\t\t\t\t\t\t\t\t<\/div>\n\t\t\t\t<\/div>\n\t\t\t\t<div class=\"elementor-element elementor-element-2f40f3e elementor-widget elementor-widget-text-editor\" data-id=\"2f40f3e\" data-element_type=\"widget\" data-widget_type=\"text-editor.default\">\n\t\t\t\t<div class=\"elementor-widget-container\">\n\t\t\t\t\t\t\t<h4>DIP-Schaltereinstellungen f\u00fcr Batterieadresse<\/h4><p style=\"margin-right: 0px; margin-bottom: 20px; margin-left: 0px; color: #747474; font-family: Roboto, Arial, Helvetica, sans-serif; font-size: 15px;\"><img decoding=\"async\" style=\"vertical-align: top;\" title=\"JK-PB2A16S-15P 2\" src=\"https:\/\/www.jkbms.com\/wp-content\/uploads\/2023\/09\/4-DIP-Switch-Setting.png\" alt=\"\" width=\"223\" height=\"124\"><\/p><p style=\"margin-right: 0px; margin-bottom: 20px; margin-left: 0px; color: #747474; font-family: Roboto, Arial, Helvetica, sans-serif; font-size: 15px;\"><strong data-start=\"53\" data-end=\"116\">C\u00e2nd mai multe pachete de baterii sunt conectate \u00een paralel<\/strong>, adresa fiec\u0103rui pachet trebuie setat\u0103 diferit prin intermediul unui <strong data-start=\"186\" data-end=\"203\">comutator DIP<\/strong>, pentru o func\u021bionare corect\u0103.<br data-start=\"234\" data-end=\"237\"><strong data-start=\"237\" data-end=\"271\">Tabelul cu adresele DIP switch<\/strong> este prezentat mai jos.<\/p><table style=\"max-width: 100%; background-color: transparent; color: #747474; font-family: Roboto, Arial, Helvetica, sans-serif; font-size: 15px;\"><tbody><tr style=\"border: 1px solid #eeeeee; text-align: center; padding: 10px;\"><td style=\"border: 1px solid #e0dede; padding: 10px;\" width=\"111\"><\/td><td style=\"border: 1px solid #e0dede; padding: 10px;\" colspan=\"4\" width=\"442\">Adressposition<\/td><\/tr><tr style=\"border: 1px solid #eeeeee; text-align: center; padding: 10px;\"> <td style=\"border: 1px solid #e0dede; padding: 10px;\" width=\"111\"><\/td><td style=\"border: 1px solid #e0dede; padding: 10px;\" width=\"111\"><\/td><td style=\"border: 1px solid #e0dede; padding: 10px;\" width=\"111\"><\/td><td style=\"border: 1px solid #e0dede; padding: 10px;\" width=\"111\"><\/td><td style=\"border: 1px solid #e0dede; padding: 10px;\" width=\"111\">1234<\/td><\/tr><tr style=\"border: 1px solid #eeeeee; text-align: center; padding: 10px;\"><td style=\"border: 1px solid #e0dede; padding: 10px;\" width=\"111\"><\/td><td style=\"border: 1px solid #e0dede; padding: 10px;\" width=\"111\"><\/td><td style=\"border: 1px solid #e0dede; padding: 10px;\" width=\"111\"><\/td><td style=\"border: 1px solid #e0dede; padding: 10px;\" width=\"111\"><\/td><td style=\"border: 1px solid #e0dede; padding: 10px;\" width=\"111\">0AUSAUSAUSAUS<\/td><\/tr><tr style=\"border: 1px solid #eeeeee; text-align: center; padding: 10px;\"><td style=\"border: 1px solid #e0dede; padding: 10px;\" width=\"111\"><\/td><td style=\"border: 1px solid #e0dede; padding: 10px;\" width=\"111\"><\/td><td style=\"border: 1px solid #e0dede; padding: 10px;\" width=\"111\"><\/td><td style=\"border: 1px solid #e0dede; padding: 10px;\" width=\"111\"><\/td><td style=\"border: 1px solid #e0dede; padding: 10px;\" width=\"111\">1 EIN AUS AUS AUS<\/td><\/tr><tr style=\"border: 1px solid #eeeeee; text-align: center; padding: 10px;\"><td style=\"border: 1px solid #e0dede; padding: 10px;\" width=\"111\"><\/td><td style=\"border: 1px solid #e0dede; padding: 10px;\" width=\"111\"><\/td><td style=\"border: 1px solid #e0dede; padding: 10px;\" width=\"111\"><\/td><td style=\"border: 1px solid #e0dede; padding: 10px;\" width=\"111\"><\/td><td style=\"border: 1px solid #e0dede; padding: 10px;\" width=\"111\">2AUSEINAUSAUS<\/td><\/tr><tr style=\"border: 1px solid #eeeeee; text-align: center; padding: 10px;\"><td style=\"border: 1px solid #e0dede; padding: 10px;\" width=\"111\"><\/td><td style=\"border: 1px solid #e0dede; padding: 10px;\" width=\"111\"><\/td><td style=\"border: 1px solid #e0dede; padding: 10px;\" width=\"111\"><\/td><td style=\"border: 1px solid #e0dede; padding: 10px;\" width=\"111\"><\/td><td style=\"border: 1px solid #e0dede; padding: 10px;\" width=\"111\">3ONONOFFOFF<\/td><\/tr><tr style=\"border: 1px solid #eeeeee; text-align: center; padding: 10px;\"><td style=\"border: 1px solid #e0dede; padding: 10px;\" width=\"111\"><\/td><td style=\"border: 1px solid #e0dede; padding: 10px;\" width=\"111\"><\/td><td style=\"border: 1px solid #e0dede; padding: 10px;\" width=\"111\"><\/td><td style=\"border: 1px solid #e0dede; padding: 10px;\" width=\"111\"><\/td><td style=\"border: 1px solid #e0dede; padding: 10px;\" width=\"111\">4AUSAUSEINAUS<\/td><\/tr><tr style=\"border: 1px solid #eeeeee; text-align: center; padding: 10px;\"><td style=\"border: 1px solid #e0dede; padding: 10px;\" width=\"111\"><\/td><td style=\"border: 1px solid #e0dede; padding: 10px;\" width=\"111\"><\/td><td style=\"border: 1px solid #e0dede; padding: 10px;\" width=\"111\"><\/td><td style=\"border: 1px solid #e0dede; padding: 10px;\" width=\"111\"><\/td><td style=\"border: 1px solid #e0dede; padding: 10px;\" width=\"111\">5 EIN AUS EIN AUS<\/td><\/tr><tr style=\"border: 1px solid #eeeeee; text-align: center; padding: 10px;\"><td style=\"border: 1px solid #e0dede; padding: 10px;\" width=\"111\"><\/td><td style=\"border: 1px solid #e0dede; padding: 10px;\" width=\"111\"><\/td><td style=\"border: 1px solid #e0dede; padding: 10px;\" width=\"111\"><\/td><td style=\"border: 1px solid #e0dede; padding: 10px;\" width=\"111\"><\/td><td style=\"border: 1px solid #e0dede; padding: 10px;\" width=\"111\">6OFFONONOFF<\/td><\/tr><tr style=\"border: 1px solid #eeeeee; text-align: center; padding: 10px;\"><td style=\"border: 1px solid #e0dede; padding: 10px;\" width=\"111\"><\/td><td style=\"border: 1px solid #e0dede; padding: 10px;\" width=\"111\"><\/td><td style=\"border: 1px solid #e0dede; padding: 10px;\" width=\"111\"><\/td><td style=\"border: 1px solid #e0dede; padding: 10px;\" width=\"111\"><\/td><td style=\"border: 1px solid #e0dede; padding: 10px;\" width=\"111\">7ONONONOFF<\/td><\/tr><tr style=\"border: 1px solid #eeeeee; text-align: center; padding: 10px;\"><td style=\"border: 1px solid #e0dede; padding: 10px;\" width=\"111\"><\/td><td style=\"border: 1px solid #e0dede; padding: 10px;\" width=\"111\"><\/td><td style=\"border: 1px solid #e0dede; padding: 10px;\" width=\"111\"><\/td><td style=\"border: 1px solid #e0dede; padding: 10px;\" width=\"111\"><\/td><td style=\"border: 1px solid #e0dede; padding: 10px;\" width=\"111\">8OFFOFFOFFON<\/td><\/tr><tr style=\"border: 1px solid #eeeeee; text-align: center; padding: 10px;\"><td style=\"border: 1px solid #e0dede; padding: 10px;\" width=\"111\"><\/td><td style=\"border: 1px solid #e0dede; padding: 10px;\" width=\"111\"><\/td><td style=\"border: 1px solid #e0dede; padding: 10px;\" width=\"111\"><\/td><td style=\"border: 1px solid #e0dede; padding: 10px;\" width=\"111\"><\/td><td style=\"border: 1px solid #e0dede; padding: 10px;\" width=\"111\">9ONOFFOFFON<\/td><\/tr><tr style=\"border: 1px solid #eeeeee; text-align: center; padding: 10px;\"><td style=\"border: 1px solid #e0dede; padding: 10px;\" width=\"111\"><\/td><td style=\"border: 1px solid #e0dede; padding: 10px;\" width=\"111\"><\/td><td style=\"border: 1px solid #e0dede; padding: 10px;\" width=\"111\"><\/td><td style=\"border: 1px solid #e0dede; padding: 10px;\" width=\"111\"><\/td><td style=\"border: 1px solid #e0dede; padding: 10px;\" width=\"111\">10OFFONOFFON<\/td><\/tr><tr style=\"border: 1px solid #eeeeee; text-align: center; padding: 10px;\"><td style=\"border: 1px solid #e0dede; padding: 10px;\" width=\"111\"><\/td><td style=\"border: 1px solid #e0dede; padding: 10px;\" width=\"111\"><\/td><td style=\"border: 1px solid #e0dede; padding: 10px;\" width=\"111\"><\/td><td style=\"border: 1px solid #e0dede; padding: 10px;\" width=\"111\"><\/td><td style=\"border: 1px solid #e0dede; padding: 10px;\" width=\"111\">11ONONOFFON<\/td><\/tr><tr style=\"border: 1px solid #eeeeee; text-align: center; padding: 10px;\"><td style=\"border: 1px solid #e0dede; padding: 10px;\" width=\"111\"><\/td><td style=\"border: 1px solid #e0dede; padding: 10px;\" width=\"111\"><\/td><td style=\"border: 1px solid #e0dede; padding: 10px;\" width=\"111\"><\/td><td style=\"border: 1px solid #e0dede; padding: 10px;\" width=\"111\"><\/td><td style=\"border: 1px solid #e0dede; padding: 10px;\" width=\"111\">12OFFOFFONON<\/td><\/tr><tr style=\"border: 1px solid #eeeeee; text-align: center; padding: 10px;\"><td style=\"border: 1px solid #e0dede; padding: 10px;\" width=\"111\"><\/td><td style=\"border: 1px solid #e0dede; padding: 10px;\" width=\"111\"><\/td><td style=\"border: 1px solid #e0dede; padding: 10px;\" width=\"111\"><\/td><td style=\"border: 1px solid #e0dede; padding: 10px;\" width=\"111\"><\/td><td style=\"border: 1px solid #e0dede; padding: 10px;\" width=\"111\">13ONOFFONON<\/td><\/tr><tr style=\"border: 1px solid #eeeeee; text-align: center; padding: 10px;\"><td style=\"border: 1px solid #e0dede; padding: 10px;\" width=\"111\">14<\/td>OFF<td style=\"border: 1px solid #e0dede; padding: 10px;\" width=\"111\"><\/td><td style=\"border: 1px solid #e0dede; padding: 10px;\" width=\"111\"><\/td><td style=\"border: 1px solid #e0dede; padding: 10px;\" width=\"111\"><\/td><td style=\"border: 1px solid #e0dede; padding: 10px;\" width=\"111\">ONONON<\/td><\/tr><tr style=\"border: 1px solid #eeeeee; text-align: center; padding: 10px;\"><td style=\"border: 1px solid #e0dede; padding: 10px;\" width=\"111\"><\/td><td style=\"border: 1px solid #e0dede; padding: 10px;\" width=\"111\"><\/td><td style=\"border: 1px solid #e0dede; padding: 10px;\" width=\"111\"><\/td><td style=\"border: 1px solid #e0dede; padding: 10px;\" width=\"111\">15<\/td>ONONON<td style=\"border: 1px solid #e0dede; padding: 10px;\" width=\"111\"><p>AN<\/p><\/td><\/tr><\/tbody><\/table>\t\t\t\t\t\t<\/div>\n\t\t\t\t<\/div>\n\t\t\t\t\t<\/div>\n\t\t<\/div>\n\t\t\t\t\t<\/div>\n\t\t<\/section>\n\t\t\t\t<\/div>\n\t\t","protected":false},"excerpt":{"rendered":"<p>Das Batteriemanagementsystem JK 200A verwaltet bis zu 16 LiFePO4-Zellen und bietet umfassenden Schutz sowie aktiven Lastausgleich. Dank RS485- und CAN-Kommunikation l\u00e4sst es sich problemlos in andere Systeme integrieren und fern\u00fcberwachen. Ideal f\u00fcr Solaranlagen und Elektrofahrzeuge.  <\/p>\n","protected":false},"featured_media":33776,"comment_status":"open","ping_status":"closed","template":"","meta":[],"product_brand":[],"product_cat":[728],"product_tag":[],"class_list":{"0":"post-35731","1":"product","2":"type-product","3":"status-publish","4":"has-post-thumbnail","6":"product_cat-lithium-batteriekomponenten","7":"product_shipping_class-schwer","10":"first","11":"instock","12":"sale","13":"taxable","14":"shipping-taxable","15":"purchasable","16":"product-type-simple"},"_links":{"self":[{"href":"https:\/\/sunvault.ro\/de\/wp-json\/wp\/v2\/product\/35731","targetHints":{"allow":["GET"]}}],"collection":[{"href":"https:\/\/sunvault.ro\/de\/wp-json\/wp\/v2\/product"}],"about":[{"href":"https:\/\/sunvault.ro\/de\/wp-json\/wp\/v2\/types\/product"}],"replies":[{"embeddable":true,"href":"https:\/\/sunvault.ro\/de\/wp-json\/wp\/v2\/comments?post=35731"}],"version-history":[{"count":1,"href":"https:\/\/sunvault.ro\/de\/wp-json\/wp\/v2\/product\/35731\/revisions"}],"predecessor-version":[{"id":35732,"href":"https:\/\/sunvault.ro\/de\/wp-json\/wp\/v2\/product\/35731\/revisions\/35732"}],"wp:featuredmedia":[{"embeddable":true,"href":"https:\/\/sunvault.ro\/de\/wp-json\/wp\/v2\/media\/33776"}],"wp:attachment":[{"href":"https:\/\/sunvault.ro\/de\/wp-json\/wp\/v2\/media?parent=35731"}],"wp:term":[{"taxonomy":"product_brand","embeddable":true,"href":"https:\/\/sunvault.ro\/de\/wp-json\/wp\/v2\/product_brand?post=35731"},{"taxonomy":"product_cat","embeddable":true,"href":"https:\/\/sunvault.ro\/de\/wp-json\/wp\/v2\/product_cat?post=35731"},{"taxonomy":"product_tag","embeddable":true,"href":"https:\/\/sunvault.ro\/de\/wp-json\/wp\/v2\/product_tag?post=35731"}],"curies":[{"name":"wp","href":"https:\/\/api.w.org\/{rel}","templated":true}]}}