{"id":35840,"date":"2026-02-27T15:29:16","date_gmt":"2026-02-27T15:29:16","guid":{"rendered":"https:\/\/sunvault.ro\/?post_type=product&#038;p=35840"},"modified":"2026-02-28T09:20:31","modified_gmt":"2026-02-28T09:20:31","slug":"generator-automat-de-stingere-incendiu-pentru-baterii-litiu","status":"publish","type":"product","link":"https:\/\/sunvault.ro\/de\/shop\/sicherheit\/generator-automat-de-stingere-incendiu-pentru-baterii-litiu\/","title":{"rendered":"Generator Aerosoli pentru stingere incendiu pentru baterii litiu"},"content":{"rendered":"<p data-start=\"472\" data-end=\"814\">Dispozitiv cu aerosol conceput special pentru protec\u021bia bateriilor litiu ion \u0219i a sistemelor de stocare a energiei. Dispozitivul detecteaz\u0103 cre\u0219terea critic\u0103 a temperaturii \u0219i se activeaz\u0103 automat \u00een cazul apari\u021biei fenomenului de thermal runaway, eliber\u00e2nd un agent de stingere cu eficien\u021b\u0103 ridicat\u0103.<\/p>\n<p data-start=\"816\" data-end=\"1091\">Interven\u021bia are loc rapid \u00een doar c\u00e2teva secunde, suprim\u00e2nd focul \u00eenc\u0103 din faza incipient\u0103 \u0219i reduc\u00e2nd riscul de propagare a incendiului. Este o solu\u021bie sigur\u0103, compact\u0103 \u0219i u\u0219or de integrat \u00een dulapuri de baterii, rackuri sau sisteme fotovoltaice reziden\u021biale \u0219i industriale.<\/p>\n<p data-start=\"1093\" data-end=\"1367\">Are durat\u0103 de via\u021b\u0103 de p\u00e2n\u0103 la 10 ani, func\u021bioneaz\u0103 \u00eentr un interval larg de temperatur\u0103 \u0219i nu necesit\u0103 \u00eentre\u021binere periodic\u0103. Ofer\u0103 protec\u021bie suplimentar\u0103 pentru investi\u021biile \u00een sisteme de stocare cu celule LiFePO4, fiind alegerea ideal\u0103 pentru siguran\u021b\u0103 \u0219i conformitate.<\/p>\n","protected":false},"excerpt":{"rendered":"<p>Dispozitiv profesional de stingere a incendiilor dedicat bateriilor litiu Ion. Activeaz\u0103 automat la temperaturi ridicate \u0219i elibereaz\u0103 agent aerosol pentru oprirea rapid\u0103 a focului \u00een faza incipient\u0103. Ideal pentru sisteme fotovoltaice \u0219i aplica\u021bii cu baterii LiFePO4<\/p>\n","protected":false},"featured_media":35841,"comment_status":"open","ping_status":"closed","template":"","meta":[],"product_brand":[],"product_cat":[642],"product_tag":[],"class_list":{"0":"post-35840","1":"product","2":"type-product","3":"status-publish","4":"has-post-thumbnail","6":"product_cat-siguranta","9":"first","10":"instock","11":"taxable","12":"shipping-taxable","13":"purchasable","14":"product-type-variable"},"_links":{"self":[{"href":"https:\/\/sunvault.ro\/de\/wp-json\/wp\/v2\/product\/35840","targetHints":{"allow":["GET"]}}],"collection":[{"href":"https:\/\/sunvault.ro\/de\/wp-json\/wp\/v2\/product"}],"about":[{"href":"https:\/\/sunvault.ro\/de\/wp-json\/wp\/v2\/types\/product"}],"replies":[{"embeddable":true,"href":"https:\/\/sunvault.ro\/de\/wp-json\/wp\/v2\/comments?post=35840"}],"version-history":[{"count":2,"href":"https:\/\/sunvault.ro\/de\/wp-json\/wp\/v2\/product\/35840\/revisions"}],"predecessor-version":[{"id":35851,"href":"https:\/\/sunvault.ro\/de\/wp-json\/wp\/v2\/product\/35840\/revisions\/35851"}],"wp:featuredmedia":[{"embeddable":true,"href":"https:\/\/sunvault.ro\/de\/wp-json\/wp\/v2\/media\/35841"}],"wp:attachment":[{"href":"https:\/\/sunvault.ro\/de\/wp-json\/wp\/v2\/media?parent=35840"}],"wp:term":[{"taxonomy":"product_brand","embeddable":true,"href":"https:\/\/sunvault.ro\/de\/wp-json\/wp\/v2\/product_brand?post=35840"},{"taxonomy":"product_cat","embeddable":true,"href":"https:\/\/sunvault.ro\/de\/wp-json\/wp\/v2\/product_cat?post=35840"},{"taxonomy":"product_tag","embeddable":true,"href":"https:\/\/sunvault.ro\/de\/wp-json\/wp\/v2\/product_tag?post=35840"}],"curies":[{"name":"wp","href":"https:\/\/api.w.org\/{rel}","templated":true}]}}