{"id":35408,"date":"2020-04-14T01:27:19","date_gmt":"2020-04-14T01:27:19","guid":{"rendered":"https:\/\/sunvault.ro\/testimonials\/"},"modified":"2026-02-10T14:37:23","modified_gmt":"2026-02-10T14:37:23","slug":"testimonials","status":"publish","type":"page","link":"https:\/\/sunvault.ro\/en\/testimonials\/","title":{"rendered":"Testimonials"},"content":{"rendered":"\t\t<div data-elementor-type=\"wp-page\" data-elementor-id=\"35408\" class=\"elementor elementor-35408 elementor-13643\" data-elementor-post-type=\"page\">\n\t\t\t\t\t\t<section class=\"elementor-section elementor-top-section elementor-element elementor-element-b779652 elementor-section-boxed elementor-section-height-default elementor-section-height-default\" data-id=\"b779652\" data-element_type=\"section\">\n\t\t\t\t\t\t<div class=\"elementor-container elementor-column-gap-default\">\n\t\t\t\t\t<div class=\"elementor-column elementor-col-100 elementor-top-column elementor-element elementor-element-6bdbb78\" data-id=\"6bdbb78\" data-element_type=\"column\">\n\t\t\t<div class=\"elementor-widget-wrap elementor-element-populated\">\n\t\t\t\t\t\t<div class=\"elementor-element elementor-element-1046f25 lte-heading-align-center elementor-widget elementor-widget-lte-header\" data-id=\"1046f25\" data-element_type=\"widget\" data-widget_type=\"lte-header.default\">\n\t\t\t\t<div class=\"elementor-widget-container\">\n\t\t\t<div class=\"lte-heading lte-style-header-subheader lte-subcolor-white has-subheader heading-tag-h3 heading-subtag-h6\"><div class=\"lte-heading-content\"><h6 class=\"lte-subheader\">Testimonials<\/h6><h3 class=\"lte-header\">Messages from our customers<\/h3><\/div><\/div>\t\t<\/div>\n\t\t\t\t<\/div>\n\t\t\t\t<div class=\"elementor-element elementor-element-4995c1a elementor-widget__width-initial elementor-widget elementor-widget-lte-testimonials\" data-id=\"4995c1a\" data-element_type=\"widget\" data-widget_type=\"lte-testimonials.default\">\n\t\t\t\t<div class=\"elementor-widget-container\">\n\t\t\t<div class=\"lte-swiper-slider-wrapper\"><div class=\"lte-swiper-slider swiper-container lte-testimonials-list lte-testimonials-sc lte-testimonials-layout-transparent lte-cols-1 showQuoteChar showHeader \" data-space-between=\"30\" data-arrows=\"0\" data-autoplay=\"0\" data-autoplay-interaction=\"\" data-loop=\"\" data-speed=\"1000\" data-effect=\"slide\" data-slides-per-group=\"\" data-pagination=\"bullets\" data-breakpoints=\"1;;;;;\"><div class=\"swiper-wrapper\"><div class=\"lte-item swiper-slide\"><div class=\"lte-inner \">\n\t<div class=\"lte-descr\"><p>Am cump\u0103rat o baterie de 15 KWh \u0219i acum sunt complet independent energetic. Instalarea a fost rapid\u0103 \u0219i eficient\u0103, iar bateria func\u021bioneaz\u0103 impecabil. Pot stoca energia produs\u0103 de panourile mele solare \u0219i o pot folosi oric\u00e2nd am nevoie.\r\n\r\nSunt extrem de mul\u021bumit de aceast\u0103 achizi\u021bie \u0219i de serviciile oferite. Recomand cu.<\/p><span class=\"lte-triangle\"><\/span><\/div><div class=\"lte-image\"><img decoding=\"async\" width=\"110\" height=\"110\" src=\"https:\/\/sunvault.ro\/wp-content\/uploads\/2024\/06\/emil-vatra-dornei-110x110.jpg\" class=\"attachment-sunlux-tiny-square size-sunlux-tiny-square wp-post-image\" alt=\"\" srcset=\"https:\/\/sunvault.ro\/wp-content\/uploads\/2024\/06\/emil-vatra-dornei-110x110.jpg 110w, https:\/\/sunvault.ro\/wp-content\/uploads\/2024\/06\/emil-vatra-dornei-298x300.jpg 298w, https:\/\/sunvault.ro\/wp-content\/uploads\/2024\/06\/emil-vatra-dornei-150x150.jpg 150w, https:\/\/sunvault.ro\/wp-content\/uploads\/2024\/06\/emil-vatra-dornei-768x774.jpg 768w, https:\/\/sunvault.ro\/wp-content\/uploads\/2024\/06\/emil-vatra-dornei-140x140.jpg 140w, https:\/\/sunvault.ro\/wp-content\/uploads\/2024\/06\/emil-vatra-dornei-290x290.jpg 290w, https:\/\/sunvault.ro\/wp-content\/uploads\/2024\/06\/emil-vatra-dornei-100x100.jpg 100w, https:\/\/sunvault.ro\/wp-content\/uploads\/2024\/06\/emil-vatra-dornei-360x360.jpg 360w, https:\/\/sunvault.ro\/wp-content\/uploads\/2024\/06\/emil-vatra-dornei-480x484.jpg 480w, https:\/\/sunvault.ro\/wp-content\/uploads\/2024\/06\/emil-vatra-dornei-600x604.jpg 600w, https:\/\/sunvault.ro\/wp-content\/uploads\/2024\/06\/emil-vatra-dornei.jpg 820w\" sizes=\"(max-width: 110px) 100vw, 110px\" \/><\/div><div class=\"lte-testimotials-author-wrap\"><div class=\"lte-header\">Emil, Vatra Dornei<\/div><\/div><a class=\"lte-more-link\" href=\"https:\/\/sunvault.ro\/en\/stories\/emil-vatra-dornei\/\">Read more<\/a><\/div>\n<\/div><div class=\"lte-item swiper-slide\"><div class=\"lte-inner \">\n\t<div class=\"lte-descr\"><p>Am achizi\u021bionat o baterie de 15 KWh pentru a completa sistemul meu existent de panouri solare \u0219i sunt foarte mul\u021bumit\u0103 de rezultat. Instalarea a fost rapid\u0103 \u0219i f\u0103r\u0103 probleme, iar acum pot stoca energia produs\u0103 \u00een timpul zilei pentru a o folosi noaptea.\r\n\r\nBateria func\u021bioneaz\u0103 perfect \u0219i mi-a oferit independen\u021b\u0103 energetic\u0103.<\/p><span class=\"lte-triangle\"><\/span><\/div><div class=\"lte-image\"><img decoding=\"async\" width=\"110\" height=\"110\" src=\"https:\/\/sunvault.ro\/wp-content\/uploads\/2024\/06\/tanta-smardan-110x110.jpg\" class=\"attachment-sunlux-tiny-square size-sunlux-tiny-square wp-post-image\" alt=\"\" srcset=\"https:\/\/sunvault.ro\/wp-content\/uploads\/2024\/06\/tanta-smardan-110x110.jpg 110w, https:\/\/sunvault.ro\/wp-content\/uploads\/2024\/06\/tanta-smardan-298x300.jpg 298w, https:\/\/sunvault.ro\/wp-content\/uploads\/2024\/06\/tanta-smardan-150x150.jpg 150w, https:\/\/sunvault.ro\/wp-content\/uploads\/2024\/06\/tanta-smardan-768x774.jpg 768w, https:\/\/sunvault.ro\/wp-content\/uploads\/2024\/06\/tanta-smardan-140x140.jpg 140w, https:\/\/sunvault.ro\/wp-content\/uploads\/2024\/06\/tanta-smardan-290x290.jpg 290w, https:\/\/sunvault.ro\/wp-content\/uploads\/2024\/06\/tanta-smardan-100x100.jpg 100w, https:\/\/sunvault.ro\/wp-content\/uploads\/2024\/06\/tanta-smardan-360x360.jpg 360w, https:\/\/sunvault.ro\/wp-content\/uploads\/2024\/06\/tanta-smardan-480x484.jpg 480w, https:\/\/sunvault.ro\/wp-content\/uploads\/2024\/06\/tanta-smardan-600x604.jpg 600w, https:\/\/sunvault.ro\/wp-content\/uploads\/2024\/06\/tanta-smardan.jpg 820w\" sizes=\"(max-width: 110px) 100vw, 110px\" \/><\/div><div class=\"lte-testimotials-author-wrap\"><div class=\"lte-header\">Tanta, Galati, Comuna Smardan<\/div><\/div><a class=\"lte-more-link\" href=\"https:\/\/sunvault.ro\/en\/stories\/bateria-functioneaza-perfect\/\">Read more<\/a><\/div>\n<\/div><div class=\"lte-item swiper-slide\"><div class=\"lte-inner \">\n\t<div class=\"lte-descr\"><p>Am optat pentru instalarea a 5 baterii de 15 KWh \u00eempreun\u0103 cu 2 invertoare Growatt de 5000 \u0219i pot spune c\u0103 sunt extrem de mul\u021bumit de alegerea f\u0103cut\u0103. Echipa a fost foarte profesionist\u0103 \u0219i a realizat instalarea \u00eentr-un timp record, f\u0103r\u0103 nicio problem\u0103.\r\n\r\nUnul dintre cele mai mari avantaje a fost.<\/p><span class=\"lte-triangle\"><\/span><\/div><div class=\"lte-image\"><img decoding=\"async\" width=\"110\" height=\"110\" src=\"https:\/\/sunvault.ro\/wp-content\/uploads\/2018\/05\/cristi-braila-instalare-110x110.jpg\" class=\"attachment-sunlux-tiny-square size-sunlux-tiny-square wp-post-image\" alt=\"\" srcset=\"https:\/\/sunvault.ro\/wp-content\/uploads\/2018\/05\/cristi-braila-instalare-110x110.jpg 110w, https:\/\/sunvault.ro\/wp-content\/uploads\/2018\/05\/cristi-braila-instalare-298x300.jpg 298w, https:\/\/sunvault.ro\/wp-content\/uploads\/2018\/05\/cristi-braila-instalare-150x150.jpg 150w, https:\/\/sunvault.ro\/wp-content\/uploads\/2018\/05\/cristi-braila-instalare-768x774.jpg 768w, https:\/\/sunvault.ro\/wp-content\/uploads\/2018\/05\/cristi-braila-instalare-140x140.jpg 140w, https:\/\/sunvault.ro\/wp-content\/uploads\/2018\/05\/cristi-braila-instalare-290x290.jpg 290w, https:\/\/sunvault.ro\/wp-content\/uploads\/2018\/05\/cristi-braila-instalare-100x100.jpg 100w, https:\/\/sunvault.ro\/wp-content\/uploads\/2018\/05\/cristi-braila-instalare-360x360.jpg 360w, https:\/\/sunvault.ro\/wp-content\/uploads\/2018\/05\/cristi-braila-instalare-480x484.jpg 480w, https:\/\/sunvault.ro\/wp-content\/uploads\/2018\/05\/cristi-braila-instalare-600x604.jpg 600w, https:\/\/sunvault.ro\/wp-content\/uploads\/2018\/05\/cristi-braila-instalare.jpg 820w\" sizes=\"(max-width: 110px) 100vw, 110px\" \/><\/div><div class=\"lte-testimotials-author-wrap\"><div class=\"lte-header\">Cristi, Br\u0103ila<\/div><\/div><a class=\"lte-more-link\" href=\"https:\/\/sunvault.ro\/en\/stories\/cristi-braila-75kwh\/\">Read more<\/a><\/div>\n<\/div><\/div><\/div><\/div>\t\t<\/div>\n\t\t\t\t<\/div>\n\t\t\t\t\t<\/div>\n\t\t<\/div>\n\t\t\t\t\t<\/div>\n\t\t<\/section>\n\t\t\t\t<section class=\"lte-background-gray elementor-section elementor-top-section elementor-element elementor-element-c0b634b lte-background-gray elementor-section-full_width elementor-section-height-default elementor-section-height-default\" data-id=\"c0b634b\" data-element_type=\"section\" data-settings=\"{&quot;background_background&quot;:&quot;classic&quot;}\">\n\t\t\t\t\t\t<div class=\"elementor-container elementor-column-gap-default\">\n\t\t\t\t\t<div class=\"elementor-column elementor-col-100 elementor-top-column elementor-element elementor-element-ed2c047\" data-id=\"ed2c047\" data-element_type=\"column\">\n\t\t\t<div class=\"elementor-widget-wrap elementor-element-populated\">\n\t\t\t\t\t\t<section class=\"elementor-section elementor-inner-section elementor-element elementor-element-9fdc161 elementor-section-boxed elementor-section-height-default elementor-section-height-default\" data-id=\"9fdc161\" data-element_type=\"section\">\n\t\t\t\t\t\t<div class=\"elementor-container elementor-column-gap-default\">\n\t\t\t\t\t<div class=\"elementor-column elementor-col-100 elementor-inner-column elementor-element elementor-element-fca28eb\" data-id=\"fca28eb\" data-element_type=\"column\">\n\t\t\t<div class=\"elementor-widget-wrap elementor-element-populated\">\n\t\t\t\t\t\t<div class=\"elementor-element elementor-element-7d7c46e elementor-widget elementor-widget-spacer\" data-id=\"7d7c46e\" data-element_type=\"widget\" data-widget_type=\"spacer.default\">\n\t\t\t\t<div class=\"elementor-widget-container\">\n\t\t\t\t\t<div class=\"elementor-spacer\">\n\t\t\t<div class=\"elementor-spacer-inner\"><\/div>\n\t\t<\/div>\n\t\t\t\t<\/div>\n\t\t\t\t<\/div>\n\t\t\t\t<div class=\"elementor-element elementor-element-7229053 lte-heading-align-center elementor-widget elementor-widget-lte-header\" data-id=\"7229053\" data-element_type=\"widget\" data-widget_type=\"lte-header.default\">\n\t\t\t\t<div class=\"elementor-widget-container\">\n\t\t\t<div class=\"lte-heading lte-style-default lte-subcolor-white heading-tag-h3 heading-subtag-h6\"><div class=\"lte-heading-content\"><h3 class=\"lte-header\">Send a comment<\/h3><\/div><\/div>\t\t<\/div>\n\t\t\t\t<\/div>\n\t\t\t\t<div class=\"elementor-element elementor-element-4dd3e9b elementor-widget__width-initial elementor-widget elementor-widget-text-editor\" data-id=\"4dd3e9b\" data-element_type=\"widget\" data-widget_type=\"text-editor.default\">\n\t\t\t\t<div class=\"elementor-widget-container\">\n\t\t\t\t\t\t\t<p>If you have benefited from our services, please send a comment.<\/p>\t\t\t\t\t\t<\/div>\n\t\t\t\t<\/div>\n\t\t\t\t<div class=\"elementor-element elementor-element-d47b45e lte-background-transparent elementor-widget__width-initial cf7-btn elementor-widget elementor-widget-lte-cf7\" data-id=\"d47b45e\" data-element_type=\"widget\" data-widget_type=\"lte-cf7.default\">\n\t\t\t\t<div class=\"elementor-widget-container\">\n\t\t\t<div class=\"lte-contact-form-7 lte-padding- lte-btn-main lte-full-width-no\">\n<div class=\"wpcf7 no-js\" id=\"wpcf7-f15189-o1\" lang=\"en-US\" dir=\"ltr\" data-wpcf7-id=\"15189\">\n<div class=\"screen-reader-response\"><p role=\"status\" aria-live=\"polite\" aria-atomic=\"true\"><\/p> <ul><\/ul><\/div>\n<form action=\"\/en\/wp-json\/wp\/v2\/pages\/35408#wpcf7-f15189-o1\" method=\"post\" class=\"wpcf7-form init\" aria-label=\"Contact form\" novalidate=\"novalidate\" data-status=\"init\">\n<div style=\"display: none;\">\n<input type=\"hidden\" name=\"_wpcf7\" value=\"15189\" \/>\n<input type=\"hidden\" name=\"_wpcf7_version\" value=\"6.0.6\" \/>\n<input type=\"hidden\" name=\"_wpcf7_locale\" value=\"en_US\" \/>\n<input type=\"hidden\" name=\"_wpcf7_unit_tag\" value=\"wpcf7-f15189-o1\" \/>\n<input type=\"hidden\" name=\"_wpcf7_container_post\" value=\"0\" \/>\n<input type=\"hidden\" name=\"_wpcf7_posted_data_hash\" value=\"\" \/>\n<\/div>\n<div class=\"row\">\n\t<div class=\"col-lg-12 col-xs-12\">\n\t\t<p><span class=\"wpcf7-form-control-wrap\" data-name=\"field-name\"><input size=\"40\" maxlength=\"400\" class=\"wpcf7-form-control wpcf7-text wpcf7-validates-as-required\" aria-required=\"true\" aria-invalid=\"false\" placeholder=\"Nume\" value=\"\" type=\"text\" name=\"field-name\" \/><\/span>\n\t\t<\/p>\n\t<\/div>\n\t<div class=\"col-lg-12 col-xs-12\">\n\t\t<p><span class=\"wpcf7-form-control-wrap\" data-name=\"field-email\"><input size=\"40\" maxlength=\"400\" class=\"wpcf7-form-control wpcf7-text wpcf7-validates-as-required\" aria-required=\"true\" aria-invalid=\"false\" placeholder=\"Telefon\" value=\"\" type=\"text\" name=\"field-email\" \/><\/span>\n\t\t<\/p>\n\t<\/div>\n\t<div class=\"col-lg-12 col-xs-12\">\n\t\t<p><span class=\"wpcf7-form-control-wrap\" data-name=\"field-message\"><textarea cols=\"40\" rows=\"10\" maxlength=\"2000\" class=\"wpcf7-form-control wpcf7-textarea wpcf7-validates-as-required\" aria-required=\"true\" aria-invalid=\"false\" placeholder=\"Mesaj\" name=\"field-message\"><\/textarea><\/span>\n\t\t<\/p>\n\t<\/div>\n<\/div>\n<p><input class=\"wpcf7-form-control wpcf7-submit has-spinner\" type=\"submit\" value=\"Submit\" \/>\n<\/p><div class=\"wpcf7-response-output\" aria-hidden=\"true\"><\/div>\n<\/form>\n<\/div>\n<\/div>\t\t<\/div>\n\t\t\t\t<\/div>\n\t\t\t\t<div class=\"elementor-element elementor-element-5cd1e2a elementor-widget elementor-widget-spacer\" data-id=\"5cd1e2a\" data-element_type=\"widget\" data-widget_type=\"spacer.default\">\n\t\t\t\t<div class=\"elementor-widget-container\">\n\t\t\t\t\t<div class=\"elementor-spacer\">\n\t\t\t<div class=\"elementor-spacer-inner\"><\/div>\n\t\t<\/div>\n\t\t\t\t<\/div>\n\t\t\t\t<\/div>\n\t\t\t\t\t<\/div>\n\t\t<\/div>\n\t\t\t\t\t<\/div>\n\t\t<\/section>\n\t\t\t\t\t<\/div>\n\t\t<\/div>\n\t\t\t\t\t<\/div>\n\t\t<\/section>\n\t\t\t\t<section class=\"elementor-section elementor-top-section elementor-element elementor-element-75c6ff2 elementor-section-boxed elementor-section-height-default elementor-section-height-default\" data-id=\"75c6ff2\" data-element_type=\"section\">\n\t\t\t\t\t\t<div class=\"elementor-container elementor-column-gap-default\">\n\t\t\t\t\t<div class=\"elementor-column elementor-col-100 elementor-top-column elementor-element elementor-element-822832d\" data-id=\"822832d\" data-element_type=\"column\">\n\t\t\t<div class=\"elementor-widget-wrap elementor-element-populated\">\n\t\t\t\t\t\t<div class=\"elementor-element elementor-element-72c79a0 elementor-widget elementor-widget-spacer\" data-id=\"72c79a0\" data-element_type=\"widget\" data-widget_type=\"spacer.default\">\n\t\t\t\t<div class=\"elementor-widget-container\">\n\t\t\t\t\t<div class=\"elementor-spacer\">\n\t\t\t<div class=\"elementor-spacer-inner\"><\/div>\n\t\t<\/div>\n\t\t\t\t<\/div>\n\t\t\t\t<\/div>\n\t\t\t\t<div class=\"elementor-element elementor-element-3b267f7 lte-heading-align-center elementor-widget elementor-widget-lte-header\" data-id=\"3b267f7\" data-element_type=\"widget\" data-widget_type=\"lte-header.default\">\n\t\t\t\t<div class=\"elementor-widget-container\">\n\t\t\t<div class=\"lte-heading lte-style-header-subheader lte-subcolor-white has-subheader heading-tag-h3 heading-subtag-h6\"><div class=\"lte-heading-content\"><h6 class=\"lte-subheader\">Reviews<\/h6><h3 class=\"lte-header\">What our customers say<\/h3><\/div><\/div>\t\t<\/div>\n\t\t\t\t<\/div>\n\t\t\t\t<div class=\"elementor-element elementor-element-3794a99 elementor-widget elementor-widget-spacer\" data-id=\"3794a99\" data-element_type=\"widget\" data-widget_type=\"spacer.default\">\n\t\t\t\t<div class=\"elementor-widget-container\">\n\t\t\t\t\t<div class=\"elementor-spacer\">\n\t\t\t<div class=\"elementor-spacer-inner\"><\/div>\n\t\t<\/div>\n\t\t\t\t<\/div>\n\t\t\t\t<\/div>\n\t\t\t\t\t<\/div>\n\t\t<\/div>\n\t\t\t\t\t<\/div>\n\t\t<\/section>\n\t\t\t\t<\/div>\n\t\t","protected":false},"excerpt":{"rendered":"<p>Testimonials Messages from our customers Am cump\u0103rat o baterie de 15 KWh \u0219i acum sunt complet independent energetic. Instalarea a fost rapid\u0103 \u0219i eficient\u0103, iar bateria func\u021bioneaz\u0103 impecabil. Pot stoca [&hellip;]<\/p>\n","protected":false},"author":1,"featured_media":0,"parent":0,"menu_order":0,"comment_status":"closed","ping_status":"closed","template":"page-templates\/testimonials.php","meta":{"footnotes":""},"class_list":["post-35408","page","type-page","status-publish","hentry","has-post-thumbnail"],"_links":{"self":[{"href":"https:\/\/sunvault.ro\/en\/wp-json\/wp\/v2\/pages\/35408","targetHints":{"allow":["GET"]}}],"collection":[{"href":"https:\/\/sunvault.ro\/en\/wp-json\/wp\/v2\/pages"}],"about":[{"href":"https:\/\/sunvault.ro\/en\/wp-json\/wp\/v2\/types\/page"}],"author":[{"embeddable":true,"href":"https:\/\/sunvault.ro\/en\/wp-json\/wp\/v2\/users\/1"}],"replies":[{"embeddable":true,"href":"https:\/\/sunvault.ro\/en\/wp-json\/wp\/v2\/comments?post=35408"}],"version-history":[{"count":1,"href":"https:\/\/sunvault.ro\/en\/wp-json\/wp\/v2\/pages\/35408\/revisions"}],"predecessor-version":[{"id":35412,"href":"https:\/\/sunvault.ro\/en\/wp-json\/wp\/v2\/pages\/35408\/revisions\/35412"}],"wp:attachment":[{"href":"https:\/\/sunvault.ro\/en\/wp-json\/wp\/v2\/media?parent=35408"}],"curies":[{"name":"wp","href":"https:\/\/api.w.org\/{rel}","templated":true}]}}