{"id":35831,"date":"2026-02-27T15:10:09","date_gmt":"2026-02-27T15:10:09","guid":{"rendered":"https:\/\/sunvault.ro\/?post_type=product&#038;p=35831"},"modified":"2026-02-27T15:24:56","modified_gmt":"2026-02-27T15:24:56","slug":"generator-aerosol-automat-pentru-stingerea-incendiilor","status":"publish","type":"product","link":"https:\/\/sunvault.ro\/en\/shop\/safety\/generator-aerosol-automat-pentru-stingerea-incendiilor\/","title":{"rendered":"Generator Aerosol Automat pentru Stingerea Incendiilor"},"content":{"rendered":"<p>Generatorul aerosol pentru stingerea incendiilor este o solu\u021bie modern\u0103 \u0219i eficient\u0103 pentru protec\u021bia echipamentelor electrice \u0219i a spa\u021biilor tehnice. Dispozitivul func\u021bioneaz\u0103 prin eliberarea automat\u0103 a unui agent aerosol special, care \u00eentrerupe procesul de ardere f\u0103r\u0103 a utiliza ap\u0103 sau substan\u021be corozive.<\/p>\n","protected":false},"excerpt":{"rendered":"<p>Generator Aerosol Automat pentru Stingerea Incendiilor \u2013 Modul Compact pentru Tablouri Electrice \u0219i Sisteme Fotovoltaice<\/p>\n","protected":false},"featured_media":35832,"comment_status":"open","ping_status":"closed","template":"","meta":[],"product_brand":[],"product_cat":[642],"product_tag":[895,897,901,898,900,896,899],"class_list":{"0":"post-35831","1":"product","2":"type-product","3":"status-publish","4":"has-post-thumbnail","6":"product_cat-siguranta","7":"product_tag-generator-aerosol-incendiu","8":"product_tag-modul-stingere-incendiu-electric","9":"product_tag-protectie-baterii-lifepo4","10":"product_tag-protectie-incendiu-baterii","11":"product_tag-sistem-antiincendiu-fotovoltaic","12":"product_tag-sistem-stingere-incendiu-automat","13":"product_tag-stingere-incendiu-tablou-electric","16":"first","17":"instock","18":"taxable","19":"shipping-taxable","20":"purchasable","21":"product-type-variable"},"_links":{"self":[{"href":"https:\/\/sunvault.ro\/en\/wp-json\/wp\/v2\/product\/35831","targetHints":{"allow":["GET"]}}],"collection":[{"href":"https:\/\/sunvault.ro\/en\/wp-json\/wp\/v2\/product"}],"about":[{"href":"https:\/\/sunvault.ro\/en\/wp-json\/wp\/v2\/types\/product"}],"replies":[{"embeddable":true,"href":"https:\/\/sunvault.ro\/en\/wp-json\/wp\/v2\/comments?post=35831"}],"version-history":[{"count":1,"href":"https:\/\/sunvault.ro\/en\/wp-json\/wp\/v2\/product\/35831\/revisions"}],"predecessor-version":[{"id":35833,"href":"https:\/\/sunvault.ro\/en\/wp-json\/wp\/v2\/product\/35831\/revisions\/35833"}],"wp:featuredmedia":[{"embeddable":true,"href":"https:\/\/sunvault.ro\/en\/wp-json\/wp\/v2\/media\/35832"}],"wp:attachment":[{"href":"https:\/\/sunvault.ro\/en\/wp-json\/wp\/v2\/media?parent=35831"}],"wp:term":[{"taxonomy":"product_brand","embeddable":true,"href":"https:\/\/sunvault.ro\/en\/wp-json\/wp\/v2\/product_brand?post=35831"},{"taxonomy":"product_cat","embeddable":true,"href":"https:\/\/sunvault.ro\/en\/wp-json\/wp\/v2\/product_cat?post=35831"},{"taxonomy":"product_tag","embeddable":true,"href":"https:\/\/sunvault.ro\/en\/wp-json\/wp\/v2\/product_tag?post=35831"}],"curies":[{"name":"wp","href":"https:\/\/api.w.org\/{rel}","templated":true}]}}